{"id":79427,"date":"2026-02-26T17:29:47","date_gmt":"2026-02-26T16:29:47","guid":{"rendered":"https:\/\/aton.com\/people\/"},"modified":"2026-04-02T09:03:14","modified_gmt":"2026-04-02T07:03:14","slug":"people","status":"publish","type":"page","link":"https:\/\/aton.com\/es\/people\/","title":{"rendered":"People"},"content":{"rendered":"<h2><span style=\"color: #d00000;\">.<\/span><span style=\"color: #d00000;\"><span style=\"color: #000000;\">atonpeople<\/span><\/span><\/h2>\n<p>Somos un grupo de personas apasionadas por la tecnolog\u00eda, unidas por la ambici\u00f3n de generar un impacto positivo.<br \/>\nCompartimos no solo el espacio y el tiempo del trabajo diario, sino tambi\u00e9n el sentido de pertenencia a una organizaci\u00f3n que evoluciona con nosotros.<br \/>\nConfiamos en las personas y, a cambio, pedimos ganas de implicarse y de crecer, tanto a nivel individual como en equipo.<\/p>\n","protected":false},"excerpt":{"rendered":"<p>.atonpeople Somos un grupo de personas apasionadas por la tecnolog\u00eda, unidas por la ambici\u00f3n de generar un impacto positivo. Compartimos no solo el espacio y el tiempo del trabajo diario, sino tambi\u00e9n el sentido de pertenencia a una organizaci\u00f3n que evoluciona con nosotros. Confiamos en las personas y, a cambio, pedimos ganas de implicarse y [&hellip;]<\/p>\n","protected":false},"author":2,"featured_media":0,"parent":0,"menu_order":0,"comment_status":"closed","ping_status":"closed","template":"templates\/tpl-landing-people.php","meta":{"_acf_changed":false},"class_list":["post-79427","page","type-page","status-publish","hentry"],"acf":[],"yoast_head":"<!-- This site is optimized with the Yoast SEO plugin v26.2 - https:\/\/yoast.com\/wordpress\/plugins\/seo\/ -->\n<title>atonpeople - \u00danete al equipo y vive Aton<\/title>\n<meta name=\"description\" content=\"Convi\u00e9rtete en atonpeople si, como nosotros, quieres dar forma al futuro digital. Descubre nuestra vida en la empresa y todas las posiciones abiertas.\" \/>\n<meta name=\"robots\" content=\"index, follow, max-snippet:-1, max-image-preview:large, max-video-preview:-1\" \/>\n<link rel=\"canonical\" href=\"https:\/\/aton.com\/es\/people\/\" \/>\n<meta property=\"og:locale\" content=\"es_ES\" \/>\n<meta property=\"og:type\" content=\"article\" \/>\n<meta property=\"og:title\" content=\"atonpeople - \u00danete al equipo y vive Aton\" \/>\n<meta property=\"og:description\" content=\"Convi\u00e9rtete en atonpeople si, como nosotros, quieres dar forma al futuro digital. Descubre nuestra vida en la empresa y todas las posiciones abiertas.\" \/>\n<meta property=\"og:url\" content=\"https:\/\/aton.com\/es\/people\/\" \/>\n<meta property=\"og:site_name\" content=\"Aton\" \/>\n<meta property=\"article:publisher\" content=\"https:\/\/www.facebook.com\/aton.spa\/\" \/>\n<meta property=\"article:modified_time\" content=\"2026-04-02T07:03:14+00:00\" \/>\n<meta name=\"twitter:card\" content=\"summary_large_image\" \/>\n<script type=\"application\/ld+json\" class=\"yoast-schema-graph\">{\"@context\":\"https:\/\/schema.org\",\"@graph\":[{\"@type\":\"WebPage\",\"@id\":\"https:\/\/aton.com\/es\/people\/\",\"url\":\"https:\/\/aton.com\/es\/people\/\",\"name\":\"atonpeople - \u00danete al equipo y vive Aton\",\"isPartOf\":{\"@id\":\"https:\/\/aton.com\/#website\"},\"datePublished\":\"2026-02-26T16:29:47+00:00\",\"dateModified\":\"2026-04-02T07:03:14+00:00\",\"description\":\"Convi\u00e9rtete en atonpeople si, como nosotros, quieres dar forma al futuro digital. Descubre nuestra vida en la empresa y todas las posiciones abiertas.\",\"breadcrumb\":{\"@id\":\"https:\/\/aton.com\/es\/people\/#breadcrumb\"},\"inLanguage\":\"es\",\"potentialAction\":[{\"@type\":\"ReadAction\",\"target\":[\"https:\/\/aton.com\/es\/people\/\"]}]},{\"@type\":\"BreadcrumbList\",\"@id\":\"https:\/\/aton.com\/es\/people\/#breadcrumb\",\"itemListElement\":[{\"@type\":\"ListItem\",\"position\":1,\"name\":\"Home\",\"item\":\"https:\/\/aton.com\/es\/\"},{\"@type\":\"ListItem\",\"position\":2,\"name\":\"People\"}]},{\"@type\":\"WebSite\",\"@id\":\"https:\/\/aton.com\/#website\",\"url\":\"https:\/\/aton.com\/\",\"name\":\"Aton\",\"description\":\"Accompagniamo la tua azienda verso la trasformazione digitale sostenibile\",\"publisher\":{\"@id\":\"https:\/\/aton.com\/#organization\"},\"potentialAction\":[{\"@type\":\"SearchAction\",\"target\":{\"@type\":\"EntryPoint\",\"urlTemplate\":\"https:\/\/aton.com\/?s={search_term_string}\"},\"query-input\":{\"@type\":\"PropertyValueSpecification\",\"valueRequired\":true,\"valueName\":\"search_term_string\"}}],\"inLanguage\":\"es\"},{\"@type\":\"Organization\",\"@id\":\"https:\/\/aton.com\/#organization\",\"name\":\"Aton S.p.A. Societ\u00e0 Benefit\",\"url\":\"https:\/\/aton.com\/\",\"logo\":{\"@type\":\"ImageObject\",\"inLanguage\":\"es\",\"@id\":\"https:\/\/aton.com\/#\/schema\/logo\/image\/\",\"url\":\"https:\/\/aton.com\/wp-content\/uploads\/2022\/03\/aton_logo.png\",\"contentUrl\":\"https:\/\/aton.com\/wp-content\/uploads\/2022\/03\/aton_logo.png\",\"width\":295,\"height\":171,\"caption\":\"Aton S.p.A. Societ\u00e0 Benefit\"},\"image\":{\"@id\":\"https:\/\/aton.com\/#\/schema\/logo\/image\/\"},\"sameAs\":[\"https:\/\/www.facebook.com\/aton.spa\/\",\"https:\/\/www.linkedin.com\/company\/aton-s.p.a.\",\"https:\/\/www.instagram.com\/atonspasocietabenefit\/\"]}]}<\/script>\n<!-- \/ Yoast SEO plugin. -->","yoast_head_json":{"title":"atonpeople - \u00danete al equipo y vive Aton","description":"Convi\u00e9rtete en atonpeople si, como nosotros, quieres dar forma al futuro digital. Descubre nuestra vida en la empresa y todas las posiciones abiertas.","robots":{"index":"index","follow":"follow","max-snippet":"max-snippet:-1","max-image-preview":"max-image-preview:large","max-video-preview":"max-video-preview:-1"},"canonical":"https:\/\/aton.com\/es\/people\/","og_locale":"es_ES","og_type":"article","og_title":"atonpeople - \u00danete al equipo y vive Aton","og_description":"Convi\u00e9rtete en atonpeople si, como nosotros, quieres dar forma al futuro digital. Descubre nuestra vida en la empresa y todas las posiciones abiertas.","og_url":"https:\/\/aton.com\/es\/people\/","og_site_name":"Aton","article_publisher":"https:\/\/www.facebook.com\/aton.spa\/","article_modified_time":"2026-04-02T07:03:14+00:00","twitter_card":"summary_large_image","schema":{"@context":"https:\/\/schema.org","@graph":[{"@type":"WebPage","@id":"https:\/\/aton.com\/es\/people\/","url":"https:\/\/aton.com\/es\/people\/","name":"atonpeople - \u00danete al equipo y vive Aton","isPartOf":{"@id":"https:\/\/aton.com\/#website"},"datePublished":"2026-02-26T16:29:47+00:00","dateModified":"2026-04-02T07:03:14+00:00","description":"Convi\u00e9rtete en atonpeople si, como nosotros, quieres dar forma al futuro digital. Descubre nuestra vida en la empresa y todas las posiciones abiertas.","breadcrumb":{"@id":"https:\/\/aton.com\/es\/people\/#breadcrumb"},"inLanguage":"es","potentialAction":[{"@type":"ReadAction","target":["https:\/\/aton.com\/es\/people\/"]}]},{"@type":"BreadcrumbList","@id":"https:\/\/aton.com\/es\/people\/#breadcrumb","itemListElement":[{"@type":"ListItem","position":1,"name":"Home","item":"https:\/\/aton.com\/es\/"},{"@type":"ListItem","position":2,"name":"People"}]},{"@type":"WebSite","@id":"https:\/\/aton.com\/#website","url":"https:\/\/aton.com\/","name":"Aton","description":"Accompagniamo la tua azienda verso la trasformazione digitale sostenibile","publisher":{"@id":"https:\/\/aton.com\/#organization"},"potentialAction":[{"@type":"SearchAction","target":{"@type":"EntryPoint","urlTemplate":"https:\/\/aton.com\/?s={search_term_string}"},"query-input":{"@type":"PropertyValueSpecification","valueRequired":true,"valueName":"search_term_string"}}],"inLanguage":"es"},{"@type":"Organization","@id":"https:\/\/aton.com\/#organization","name":"Aton S.p.A. Societ\u00e0 Benefit","url":"https:\/\/aton.com\/","logo":{"@type":"ImageObject","inLanguage":"es","@id":"https:\/\/aton.com\/#\/schema\/logo\/image\/","url":"https:\/\/aton.com\/wp-content\/uploads\/2022\/03\/aton_logo.png","contentUrl":"https:\/\/aton.com\/wp-content\/uploads\/2022\/03\/aton_logo.png","width":295,"height":171,"caption":"Aton S.p.A. Societ\u00e0 Benefit"},"image":{"@id":"https:\/\/aton.com\/#\/schema\/logo\/image\/"},"sameAs":["https:\/\/www.facebook.com\/aton.spa\/","https:\/\/www.linkedin.com\/company\/aton-s.p.a.","https:\/\/www.instagram.com\/atonspasocietabenefit\/"]}]}},"_links":{"self":[{"href":"https:\/\/aton.com\/es\/wp-json\/wp\/v2\/pages\/79427","targetHints":{"allow":["GET"]}}],"collection":[{"href":"https:\/\/aton.com\/es\/wp-json\/wp\/v2\/pages"}],"about":[{"href":"https:\/\/aton.com\/es\/wp-json\/wp\/v2\/types\/page"}],"author":[{"embeddable":true,"href":"https:\/\/aton.com\/es\/wp-json\/wp\/v2\/users\/2"}],"replies":[{"embeddable":true,"href":"https:\/\/aton.com\/es\/wp-json\/wp\/v2\/comments?post=79427"}],"version-history":[{"count":2,"href":"https:\/\/aton.com\/es\/wp-json\/wp\/v2\/pages\/79427\/revisions"}],"predecessor-version":[{"id":79671,"href":"https:\/\/aton.com\/es\/wp-json\/wp\/v2\/pages\/79427\/revisions\/79671"}],"wp:attachment":[{"href":"https:\/\/aton.com\/es\/wp-json\/wp\/v2\/media?parent=79427"}],"curies":[{"name":"wp","href":"https:\/\/api.w.org\/{rel}","templated":true}]}}