{"id":74894,"date":"2024-05-30T15:36:45","date_gmt":"2024-05-30T13:36:45","guid":{"rendered":"https:\/\/aton.com\/certificazione-b-corp\/"},"modified":"2025-08-28T10:53:14","modified_gmt":"2025-08-28T08:53:14","slug":"certificacion-b-corp","status":"publish","type":"page","link":"https:\/\/aton.com\/es\/certificacion-b-corp\/","title":{"rendered":"Certificaci\u00f3n B Corp"},"content":{"rendered":"<p>Desde febrero de 2023 somos una <a href=\"https:\/\/www.bcorporation.net\/en-us\/find-a-b-corp\/company\/aton-spa-societ-benefit\/\" target=\"_blank\" rel=\"noopener\">Empresa B Certificada<\/a> y formamos parte de la comunidad global de empresas comprometidas con un camino de mejora continua para transformar el sistema econ\u00f3mico global.<\/p>\n<p><strong><img loading=\"lazy\" decoding=\"async\" class=\"wp-image-72420 alignright\" src=\"https:\/\/aton.com\/wp-content\/uploads\/2024\/05\/SHV-Logo.png\" alt=\"B Corp Aton\" width=\"318\" height=\"318\" \/><\/strong><\/p>\n<h5><strong>Nota sobre la certificaci\u00f3n<\/strong><\/h5>\n<p data-start=\"308\" data-end=\"642\">La \u201c<strong>Certificaci\u00f3n B Corporation<\/strong>\u201d es una marca otorgada bajo licencia por <strong>B Lab<\/strong>, una entidad privada sin fines de lucro, a empresas como la nuestra que han superado con \u00e9xito el <strong>B Impact Assessment<\/strong> (\u201cBIA\u201d) y cumplen con los requisitos establecidos por B Lab en t\u00e9rminos de <strong>desempe\u00f1o social y ambiental, responsabilidad y transparencia<\/strong>.<\/p>\n<p data-start=\"644\" data-end=\"1085\">Se especifica que B Lab no es un organismo de evaluaci\u00f3n de la conformidad seg\u00fan el Reglamento (UE) n.\u00ba 765\/2008 ni un organismo de normalizaci\u00f3n nacional, europeo o internacional seg\u00fan el Reglamento (UE) n.\u00ba 1025\/2012. Los criterios del BIA son independientes y distintos de las normas armonizadas derivadas de los est\u00e1ndares ISO u otros organismos de normalizaci\u00f3n, y no est\u00e1n ratificados por instituciones p\u00fablicas nacionales ni europeas.<\/p>\n","protected":false},"excerpt":{"rendered":"<p>Desde febrero de 2023 somos una Empresa B Certificada y formamos parte de la comunidad global de empresas comprometidas con un camino de mejora continua para transformar el sistema econ\u00f3mico global. Nota sobre la certificaci\u00f3n La \u201cCertificaci\u00f3n B Corporation\u201d es una marca otorgada bajo licencia por B Lab, una entidad privada sin fines de lucro, [&hellip;]<\/p>\n","protected":false},"author":5,"featured_media":0,"parent":0,"menu_order":0,"comment_status":"closed","ping_status":"closed","template":"","meta":{"_acf_changed":false},"class_list":["post-74894","page","type-page","status-publish","hentry"],"acf":[],"yoast_head":"<!-- This site is optimized with the Yoast SEO plugin v26.2 - https:\/\/yoast.com\/wordpress\/plugins\/seo\/ -->\n<title>Certificaci\u00f3n B Corp - Aton<\/title>\n<meta name=\"description\" content=\"Desde febrero de 2023 somos una Empresa B Certificada y formamos parte de la comunidad global de empresas.\" \/>\n<meta name=\"robots\" content=\"index, follow, max-snippet:-1, max-image-preview:large, max-video-preview:-1\" \/>\n<link rel=\"canonical\" href=\"https:\/\/aton.com\/es\/certificacion-b-corp\/\" \/>\n<meta property=\"og:locale\" content=\"es_ES\" \/>\n<meta property=\"og:type\" content=\"article\" \/>\n<meta property=\"og:title\" content=\"Certificaci\u00f3n B Corp - Aton\" \/>\n<meta property=\"og:description\" content=\"Desde febrero de 2023 somos una Empresa B Certificada y formamos parte de la comunidad global de empresas.\" \/>\n<meta property=\"og:url\" content=\"https:\/\/aton.com\/es\/certificacion-b-corp\/\" \/>\n<meta property=\"og:site_name\" content=\"Aton\" \/>\n<meta property=\"article:publisher\" content=\"https:\/\/www.facebook.com\/aton.spa\/\" \/>\n<meta property=\"article:modified_time\" content=\"2025-08-28T08:53:14+00:00\" \/>\n<meta property=\"og:image\" content=\"https:\/\/aton.com\/wp-content\/uploads\/2024\/05\/SHV-Logo.png\" \/>\n\t<meta property=\"og:image:width\" content=\"1080\" \/>\n\t<meta property=\"og:image:height\" content=\"1080\" \/>\n\t<meta property=\"og:image:type\" content=\"image\/png\" \/>\n<meta name=\"twitter:card\" content=\"summary_large_image\" \/>\n<meta name=\"twitter:label1\" content=\"Tiempo de lectura\" \/>\n\t<meta name=\"twitter:data1\" content=\"1 minuto\" \/>\n<script type=\"application\/ld+json\" class=\"yoast-schema-graph\">{\"@context\":\"https:\/\/schema.org\",\"@graph\":[{\"@type\":\"WebPage\",\"@id\":\"https:\/\/aton.com\/es\/certificacion-b-corp\/\",\"url\":\"https:\/\/aton.com\/es\/certificacion-b-corp\/\",\"name\":\"Certificaci\u00f3n B Corp - Aton\",\"isPartOf\":{\"@id\":\"https:\/\/aton.com\/#website\"},\"primaryImageOfPage\":{\"@id\":\"https:\/\/aton.com\/es\/certificacion-b-corp\/#primaryimage\"},\"image\":{\"@id\":\"https:\/\/aton.com\/es\/certificacion-b-corp\/#primaryimage\"},\"thumbnailUrl\":\"https:\/\/aton.com\/wp-content\/uploads\/2024\/05\/SHV-Logo.png\",\"datePublished\":\"2024-05-30T13:36:45+00:00\",\"dateModified\":\"2025-08-28T08:53:14+00:00\",\"description\":\"Desde febrero de 2023 somos una Empresa B Certificada y formamos parte de la comunidad global de empresas.\",\"breadcrumb\":{\"@id\":\"https:\/\/aton.com\/es\/certificacion-b-corp\/#breadcrumb\"},\"inLanguage\":\"es\",\"potentialAction\":[{\"@type\":\"ReadAction\",\"target\":[\"https:\/\/aton.com\/es\/certificacion-b-corp\/\"]}]},{\"@type\":\"ImageObject\",\"inLanguage\":\"es\",\"@id\":\"https:\/\/aton.com\/es\/certificacion-b-corp\/#primaryimage\",\"url\":\"https:\/\/aton.com\/wp-content\/uploads\/2024\/05\/SHV-Logo.png\",\"contentUrl\":\"https:\/\/aton.com\/wp-content\/uploads\/2024\/05\/SHV-Logo.png\"},{\"@type\":\"BreadcrumbList\",\"@id\":\"https:\/\/aton.com\/es\/certificacion-b-corp\/#breadcrumb\",\"itemListElement\":[{\"@type\":\"ListItem\",\"position\":1,\"name\":\"Home\",\"item\":\"https:\/\/aton.com\/es\/\"},{\"@type\":\"ListItem\",\"position\":2,\"name\":\"Certificaci\u00f3n B Corp\"}]},{\"@type\":\"WebSite\",\"@id\":\"https:\/\/aton.com\/#website\",\"url\":\"https:\/\/aton.com\/\",\"name\":\"Aton\",\"description\":\"Accompagniamo la tua azienda verso la trasformazione digitale sostenibile\",\"publisher\":{\"@id\":\"https:\/\/aton.com\/#organization\"},\"potentialAction\":[{\"@type\":\"SearchAction\",\"target\":{\"@type\":\"EntryPoint\",\"urlTemplate\":\"https:\/\/aton.com\/?s={search_term_string}\"},\"query-input\":{\"@type\":\"PropertyValueSpecification\",\"valueRequired\":true,\"valueName\":\"search_term_string\"}}],\"inLanguage\":\"es\"},{\"@type\":\"Organization\",\"@id\":\"https:\/\/aton.com\/#organization\",\"name\":\"Aton S.p.A. Societ\u00e0 Benefit\",\"url\":\"https:\/\/aton.com\/\",\"logo\":{\"@type\":\"ImageObject\",\"inLanguage\":\"es\",\"@id\":\"https:\/\/aton.com\/#\/schema\/logo\/image\/\",\"url\":\"https:\/\/aton.com\/wp-content\/uploads\/2022\/03\/aton_logo.png\",\"contentUrl\":\"https:\/\/aton.com\/wp-content\/uploads\/2022\/03\/aton_logo.png\",\"width\":295,\"height\":171,\"caption\":\"Aton S.p.A. Societ\u00e0 Benefit\"},\"image\":{\"@id\":\"https:\/\/aton.com\/#\/schema\/logo\/image\/\"},\"sameAs\":[\"https:\/\/www.facebook.com\/aton.spa\/\",\"https:\/\/www.linkedin.com\/company\/aton-s.p.a.\",\"https:\/\/www.instagram.com\/atonspasocietabenefit\/\"]}]}<\/script>\n<!-- \/ Yoast SEO plugin. -->","yoast_head_json":{"title":"Certificaci\u00f3n B Corp - Aton","description":"Desde febrero de 2023 somos una Empresa B Certificada y formamos parte de la comunidad global de empresas.","robots":{"index":"index","follow":"follow","max-snippet":"max-snippet:-1","max-image-preview":"max-image-preview:large","max-video-preview":"max-video-preview:-1"},"canonical":"https:\/\/aton.com\/es\/certificacion-b-corp\/","og_locale":"es_ES","og_type":"article","og_title":"Certificaci\u00f3n B Corp - Aton","og_description":"Desde febrero de 2023 somos una Empresa B Certificada y formamos parte de la comunidad global de empresas.","og_url":"https:\/\/aton.com\/es\/certificacion-b-corp\/","og_site_name":"Aton","article_publisher":"https:\/\/www.facebook.com\/aton.spa\/","article_modified_time":"2025-08-28T08:53:14+00:00","og_image":[{"width":1080,"height":1080,"url":"https:\/\/aton.com\/wp-content\/uploads\/2024\/05\/SHV-Logo.png","type":"image\/png"}],"twitter_card":"summary_large_image","twitter_misc":{"Tiempo de lectura":"1 minuto"},"schema":{"@context":"https:\/\/schema.org","@graph":[{"@type":"WebPage","@id":"https:\/\/aton.com\/es\/certificacion-b-corp\/","url":"https:\/\/aton.com\/es\/certificacion-b-corp\/","name":"Certificaci\u00f3n B Corp - Aton","isPartOf":{"@id":"https:\/\/aton.com\/#website"},"primaryImageOfPage":{"@id":"https:\/\/aton.com\/es\/certificacion-b-corp\/#primaryimage"},"image":{"@id":"https:\/\/aton.com\/es\/certificacion-b-corp\/#primaryimage"},"thumbnailUrl":"https:\/\/aton.com\/wp-content\/uploads\/2024\/05\/SHV-Logo.png","datePublished":"2024-05-30T13:36:45+00:00","dateModified":"2025-08-28T08:53:14+00:00","description":"Desde febrero de 2023 somos una Empresa B Certificada y formamos parte de la comunidad global de empresas.","breadcrumb":{"@id":"https:\/\/aton.com\/es\/certificacion-b-corp\/#breadcrumb"},"inLanguage":"es","potentialAction":[{"@type":"ReadAction","target":["https:\/\/aton.com\/es\/certificacion-b-corp\/"]}]},{"@type":"ImageObject","inLanguage":"es","@id":"https:\/\/aton.com\/es\/certificacion-b-corp\/#primaryimage","url":"https:\/\/aton.com\/wp-content\/uploads\/2024\/05\/SHV-Logo.png","contentUrl":"https:\/\/aton.com\/wp-content\/uploads\/2024\/05\/SHV-Logo.png"},{"@type":"BreadcrumbList","@id":"https:\/\/aton.com\/es\/certificacion-b-corp\/#breadcrumb","itemListElement":[{"@type":"ListItem","position":1,"name":"Home","item":"https:\/\/aton.com\/es\/"},{"@type":"ListItem","position":2,"name":"Certificaci\u00f3n B Corp"}]},{"@type":"WebSite","@id":"https:\/\/aton.com\/#website","url":"https:\/\/aton.com\/","name":"Aton","description":"Accompagniamo la tua azienda verso la trasformazione digitale sostenibile","publisher":{"@id":"https:\/\/aton.com\/#organization"},"potentialAction":[{"@type":"SearchAction","target":{"@type":"EntryPoint","urlTemplate":"https:\/\/aton.com\/?s={search_term_string}"},"query-input":{"@type":"PropertyValueSpecification","valueRequired":true,"valueName":"search_term_string"}}],"inLanguage":"es"},{"@type":"Organization","@id":"https:\/\/aton.com\/#organization","name":"Aton S.p.A. Societ\u00e0 Benefit","url":"https:\/\/aton.com\/","logo":{"@type":"ImageObject","inLanguage":"es","@id":"https:\/\/aton.com\/#\/schema\/logo\/image\/","url":"https:\/\/aton.com\/wp-content\/uploads\/2022\/03\/aton_logo.png","contentUrl":"https:\/\/aton.com\/wp-content\/uploads\/2022\/03\/aton_logo.png","width":295,"height":171,"caption":"Aton S.p.A. Societ\u00e0 Benefit"},"image":{"@id":"https:\/\/aton.com\/#\/schema\/logo\/image\/"},"sameAs":["https:\/\/www.facebook.com\/aton.spa\/","https:\/\/www.linkedin.com\/company\/aton-s.p.a.","https:\/\/www.instagram.com\/atonspasocietabenefit\/"]}]}},"_links":{"self":[{"href":"https:\/\/aton.com\/es\/wp-json\/wp\/v2\/pages\/74894","targetHints":{"allow":["GET"]}}],"collection":[{"href":"https:\/\/aton.com\/es\/wp-json\/wp\/v2\/pages"}],"about":[{"href":"https:\/\/aton.com\/es\/wp-json\/wp\/v2\/types\/page"}],"author":[{"embeddable":true,"href":"https:\/\/aton.com\/es\/wp-json\/wp\/v2\/users\/5"}],"replies":[{"embeddable":true,"href":"https:\/\/aton.com\/es\/wp-json\/wp\/v2\/comments?post=74894"}],"version-history":[{"count":2,"href":"https:\/\/aton.com\/es\/wp-json\/wp\/v2\/pages\/74894\/revisions"}],"predecessor-version":[{"id":75778,"href":"https:\/\/aton.com\/es\/wp-json\/wp\/v2\/pages\/74894\/revisions\/75778"}],"wp:attachment":[{"href":"https:\/\/aton.com\/es\/wp-json\/wp\/v2\/media?parent=74894"}],"curies":[{"name":"wp","href":"https:\/\/api.w.org\/{rel}","templated":true}]}}