{"id":74797,"date":"2025-09-08T11:01:38","date_gmt":"2025-09-08T09:01:38","guid":{"rendered":"https:\/\/aton.com\/?page_id=74797"},"modified":"2025-11-03T14:15:30","modified_gmt":"2025-11-03T13:15:30","slug":"onevan-venta-en-ruta","status":"publish","type":"page","link":"https:\/\/aton.com\/es\/onevan-venta-en-ruta\/","title":{"rendered":".one VAN"},"content":{"rendered":"","protected":false},"excerpt":{"rendered":"","protected":false},"author":4,"featured_media":76472,"parent":0,"menu_order":0,"comment_status":"closed","ping_status":"closed","template":"templates\/tpl-product.php","meta":{"_acf_changed":false},"class_list":["post-74797","page","type-page","status-publish","has-post-thumbnail","hentry"],"acf":[],"yoast_head":"<!-- This site is optimized with the Yoast SEO plugin v26.2 - https:\/\/yoast.com\/wordpress\/plugins\/seo\/ -->\n<title>.one VAN software para venta en ruta \u2013 Aton<\/title>\n<meta name=\"description\" content=\".one VAN es el software de venta en ruta que ayuda y respalda al vendedor en la gesti\u00f3n del almac\u00e9n m\u00f3vil y de los cobros.\" \/>\n<meta name=\"robots\" content=\"index, follow, max-snippet:-1, max-image-preview:large, max-video-preview:-1\" \/>\n<link rel=\"canonical\" href=\"https:\/\/aton.com\/es\/onevan-venta-en-ruta\/\" \/>\n<meta property=\"og:locale\" content=\"es_ES\" \/>\n<meta property=\"og:type\" content=\"article\" \/>\n<meta property=\"og:title\" content=\".one VAN software para venta en ruta \u2013 Aton\" \/>\n<meta property=\"og:description\" content=\".one VAN es el software de venta en ruta que ayuda y respalda al vendedor en la gesti\u00f3n del almac\u00e9n m\u00f3vil y de los cobros.\" \/>\n<meta property=\"og:url\" content=\"https:\/\/aton.com\/es\/onevan-venta-en-ruta\/\" \/>\n<meta property=\"og:site_name\" content=\"Aton\" \/>\n<meta property=\"article:publisher\" content=\"https:\/\/www.facebook.com\/aton.spa\/\" \/>\n<meta property=\"article:modified_time\" content=\"2025-11-03T13:15:30+00:00\" \/>\n<meta property=\"og:image\" content=\"https:\/\/aton.com\/wp-content\/uploads\/2025\/09\/new-van-1.png\" \/>\n\t<meta property=\"og:image:width\" content=\"1920\" \/>\n\t<meta property=\"og:image:height\" content=\"762\" \/>\n\t<meta property=\"og:image:type\" content=\"image\/png\" \/>\n<meta name=\"twitter:card\" content=\"summary_large_image\" \/>\n<script type=\"application\/ld+json\" class=\"yoast-schema-graph\">{\"@context\":\"https:\/\/schema.org\",\"@graph\":[{\"@type\":\"WebPage\",\"@id\":\"https:\/\/aton.com\/es\/onevan-venta-en-ruta\/\",\"url\":\"https:\/\/aton.com\/es\/onevan-venta-en-ruta\/\",\"name\":\".one VAN software para venta en ruta \u2013 Aton\",\"isPartOf\":{\"@id\":\"https:\/\/aton.com\/#website\"},\"primaryImageOfPage\":{\"@id\":\"https:\/\/aton.com\/es\/onevan-venta-en-ruta\/#primaryimage\"},\"image\":{\"@id\":\"https:\/\/aton.com\/es\/onevan-venta-en-ruta\/#primaryimage\"},\"thumbnailUrl\":\"https:\/\/aton.com\/wp-content\/uploads\/2025\/09\/new-van-1.png\",\"datePublished\":\"2025-09-08T09:01:38+00:00\",\"dateModified\":\"2025-11-03T13:15:30+00:00\",\"description\":\".one VAN es el software de venta en ruta que ayuda y respalda al vendedor en la gesti\u00f3n del almac\u00e9n m\u00f3vil y de los cobros.\",\"breadcrumb\":{\"@id\":\"https:\/\/aton.com\/es\/onevan-venta-en-ruta\/#breadcrumb\"},\"inLanguage\":\"es\",\"potentialAction\":[{\"@type\":\"ReadAction\",\"target\":[\"https:\/\/aton.com\/es\/onevan-venta-en-ruta\/\"]}]},{\"@type\":\"ImageObject\",\"inLanguage\":\"es\",\"@id\":\"https:\/\/aton.com\/es\/onevan-venta-en-ruta\/#primaryimage\",\"url\":\"https:\/\/aton.com\/wp-content\/uploads\/2025\/09\/new-van-1.png\",\"contentUrl\":\"https:\/\/aton.com\/wp-content\/uploads\/2025\/09\/new-van-1.png\",\"width\":1920,\"height\":762,\"caption\":\".one VAN tentata vendita - Aton\"},{\"@type\":\"BreadcrumbList\",\"@id\":\"https:\/\/aton.com\/es\/onevan-venta-en-ruta\/#breadcrumb\",\"itemListElement\":[{\"@type\":\"ListItem\",\"position\":1,\"name\":\"Home\",\"item\":\"https:\/\/aton.com\/es\/\"},{\"@type\":\"ListItem\",\"position\":2,\"name\":\".one VAN\"}]},{\"@type\":\"WebSite\",\"@id\":\"https:\/\/aton.com\/#website\",\"url\":\"https:\/\/aton.com\/\",\"name\":\"Aton\",\"description\":\"Accompagniamo la tua azienda verso la trasformazione digitale sostenibile\",\"publisher\":{\"@id\":\"https:\/\/aton.com\/#organization\"},\"potentialAction\":[{\"@type\":\"SearchAction\",\"target\":{\"@type\":\"EntryPoint\",\"urlTemplate\":\"https:\/\/aton.com\/?s={search_term_string}\"},\"query-input\":{\"@type\":\"PropertyValueSpecification\",\"valueRequired\":true,\"valueName\":\"search_term_string\"}}],\"inLanguage\":\"es\"},{\"@type\":\"Organization\",\"@id\":\"https:\/\/aton.com\/#organization\",\"name\":\"Aton S.p.A. Societ\u00e0 Benefit\",\"url\":\"https:\/\/aton.com\/\",\"logo\":{\"@type\":\"ImageObject\",\"inLanguage\":\"es\",\"@id\":\"https:\/\/aton.com\/#\/schema\/logo\/image\/\",\"url\":\"https:\/\/aton.com\/wp-content\/uploads\/2022\/03\/aton_logo.png\",\"contentUrl\":\"https:\/\/aton.com\/wp-content\/uploads\/2022\/03\/aton_logo.png\",\"width\":295,\"height\":171,\"caption\":\"Aton S.p.A. Societ\u00e0 Benefit\"},\"image\":{\"@id\":\"https:\/\/aton.com\/#\/schema\/logo\/image\/\"},\"sameAs\":[\"https:\/\/www.facebook.com\/aton.spa\/\",\"https:\/\/www.linkedin.com\/company\/aton-s.p.a.\",\"https:\/\/www.instagram.com\/atonspasocietabenefit\/\"]}]}<\/script>\n<!-- \/ Yoast SEO plugin. -->","yoast_head_json":{"title":".one VAN software para venta en ruta \u2013 Aton","description":".one VAN es el software de venta en ruta que ayuda y respalda al vendedor en la gesti\u00f3n del almac\u00e9n m\u00f3vil y de los cobros.","robots":{"index":"index","follow":"follow","max-snippet":"max-snippet:-1","max-image-preview":"max-image-preview:large","max-video-preview":"max-video-preview:-1"},"canonical":"https:\/\/aton.com\/es\/onevan-venta-en-ruta\/","og_locale":"es_ES","og_type":"article","og_title":".one VAN software para venta en ruta \u2013 Aton","og_description":".one VAN es el software de venta en ruta que ayuda y respalda al vendedor en la gesti\u00f3n del almac\u00e9n m\u00f3vil y de los cobros.","og_url":"https:\/\/aton.com\/es\/onevan-venta-en-ruta\/","og_site_name":"Aton","article_publisher":"https:\/\/www.facebook.com\/aton.spa\/","article_modified_time":"2025-11-03T13:15:30+00:00","og_image":[{"width":1920,"height":762,"url":"https:\/\/aton.com\/wp-content\/uploads\/2025\/09\/new-van-1.png","type":"image\/png"}],"twitter_card":"summary_large_image","schema":{"@context":"https:\/\/schema.org","@graph":[{"@type":"WebPage","@id":"https:\/\/aton.com\/es\/onevan-venta-en-ruta\/","url":"https:\/\/aton.com\/es\/onevan-venta-en-ruta\/","name":".one VAN software para venta en ruta \u2013 Aton","isPartOf":{"@id":"https:\/\/aton.com\/#website"},"primaryImageOfPage":{"@id":"https:\/\/aton.com\/es\/onevan-venta-en-ruta\/#primaryimage"},"image":{"@id":"https:\/\/aton.com\/es\/onevan-venta-en-ruta\/#primaryimage"},"thumbnailUrl":"https:\/\/aton.com\/wp-content\/uploads\/2025\/09\/new-van-1.png","datePublished":"2025-09-08T09:01:38+00:00","dateModified":"2025-11-03T13:15:30+00:00","description":".one VAN es el software de venta en ruta que ayuda y respalda al vendedor en la gesti\u00f3n del almac\u00e9n m\u00f3vil y de los cobros.","breadcrumb":{"@id":"https:\/\/aton.com\/es\/onevan-venta-en-ruta\/#breadcrumb"},"inLanguage":"es","potentialAction":[{"@type":"ReadAction","target":["https:\/\/aton.com\/es\/onevan-venta-en-ruta\/"]}]},{"@type":"ImageObject","inLanguage":"es","@id":"https:\/\/aton.com\/es\/onevan-venta-en-ruta\/#primaryimage","url":"https:\/\/aton.com\/wp-content\/uploads\/2025\/09\/new-van-1.png","contentUrl":"https:\/\/aton.com\/wp-content\/uploads\/2025\/09\/new-van-1.png","width":1920,"height":762,"caption":".one VAN tentata vendita - Aton"},{"@type":"BreadcrumbList","@id":"https:\/\/aton.com\/es\/onevan-venta-en-ruta\/#breadcrumb","itemListElement":[{"@type":"ListItem","position":1,"name":"Home","item":"https:\/\/aton.com\/es\/"},{"@type":"ListItem","position":2,"name":".one VAN"}]},{"@type":"WebSite","@id":"https:\/\/aton.com\/#website","url":"https:\/\/aton.com\/","name":"Aton","description":"Accompagniamo la tua azienda verso la trasformazione digitale sostenibile","publisher":{"@id":"https:\/\/aton.com\/#organization"},"potentialAction":[{"@type":"SearchAction","target":{"@type":"EntryPoint","urlTemplate":"https:\/\/aton.com\/?s={search_term_string}"},"query-input":{"@type":"PropertyValueSpecification","valueRequired":true,"valueName":"search_term_string"}}],"inLanguage":"es"},{"@type":"Organization","@id":"https:\/\/aton.com\/#organization","name":"Aton S.p.A. Societ\u00e0 Benefit","url":"https:\/\/aton.com\/","logo":{"@type":"ImageObject","inLanguage":"es","@id":"https:\/\/aton.com\/#\/schema\/logo\/image\/","url":"https:\/\/aton.com\/wp-content\/uploads\/2022\/03\/aton_logo.png","contentUrl":"https:\/\/aton.com\/wp-content\/uploads\/2022\/03\/aton_logo.png","width":295,"height":171,"caption":"Aton S.p.A. Societ\u00e0 Benefit"},"image":{"@id":"https:\/\/aton.com\/#\/schema\/logo\/image\/"},"sameAs":["https:\/\/www.facebook.com\/aton.spa\/","https:\/\/www.linkedin.com\/company\/aton-s.p.a.","https:\/\/www.instagram.com\/atonspasocietabenefit\/"]}]}},"_links":{"self":[{"href":"https:\/\/aton.com\/es\/wp-json\/wp\/v2\/pages\/74797","targetHints":{"allow":["GET"]}}],"collection":[{"href":"https:\/\/aton.com\/es\/wp-json\/wp\/v2\/pages"}],"about":[{"href":"https:\/\/aton.com\/es\/wp-json\/wp\/v2\/types\/page"}],"author":[{"embeddable":true,"href":"https:\/\/aton.com\/es\/wp-json\/wp\/v2\/users\/4"}],"replies":[{"embeddable":true,"href":"https:\/\/aton.com\/es\/wp-json\/wp\/v2\/comments?post=74797"}],"version-history":[{"count":1,"href":"https:\/\/aton.com\/es\/wp-json\/wp\/v2\/pages\/74797\/revisions"}],"predecessor-version":[{"id":77139,"href":"https:\/\/aton.com\/es\/wp-json\/wp\/v2\/pages\/74797\/revisions\/77139"}],"wp:featuredmedia":[{"embeddable":true,"href":"https:\/\/aton.com\/es\/wp-json\/wp\/v2\/media\/76472"}],"wp:attachment":[{"href":"https:\/\/aton.com\/es\/wp-json\/wp\/v2\/media?parent=74797"}],"curies":[{"name":"wp","href":"https:\/\/api.w.org\/{rel}","templated":true}]}}