{"id":72775,"date":"2024-08-28T13:05:17","date_gmt":"2024-08-28T11:05:17","guid":{"rendered":"https:\/\/aton.com\/?page_id=72775"},"modified":"2024-08-28T13:05:17","modified_gmt":"2024-08-28T11:05:17","slug":"aton-allspark-iberica","status":"publish","type":"page","link":"https:\/\/aton.com\/es\/aton-allspark-iberica\/","title":{"rendered":"Aton Allspark Ib\u00e9rica"},"content":{"rendered":"<h1 class=\"h2\"><strong>Aton Allspark Ib\u00e9rica<\/strong><\/h1>\n<p>Aton Allspark Ib\u00e9rica, Joint Venture con sede en Barcelona, combina el know-how en consultor\u00eda de Allspark, que lleva implantando proyectos basados en la plataforma de comercio unificado Cegid Retail desde 2008, con la experiencia y soluciones de Aton para la gesti\u00f3n del comercio minorista y el soporte al punto de venta.<\/p>\n<p>Aton Allspark Ib\u00e8rica ofrece soluciones y servicios de:<\/p>\n<ul>\n<li><strong>CONSULTOR\u00cdA, INTEGRACI\u00d3N Y SOPORTE<\/strong><br \/>\npara las soluciones Cegid Retail Y2. Contamos con un equipo de consultores con amplia experiencia en el sector y en los productos <a href=\"https:\/\/aton.com\/es\/alianzas\/cegid-platinum-partner-aton\/\" target=\"_blank\" rel=\"noopener\">Cegid Retail<\/a>.<\/li>\n<li><strong>MOVILIDAD<\/strong><br \/>\nComplementando el negocio de Cegid Retail y con una filosof\u00eda Mobile First, ofrecemos soluciones de <a href=\"https:\/\/aton.com\/es\/onretail\/\" target=\"_blank\" rel=\"noopener\">gesti\u00f3n de stock<\/a> con <a href=\"https:\/\/aton.com\/es\/ontag\/\" target=\"_blank\" rel=\"noopener\">RFID<\/a> tanto para moda como para perfumer\u00eda y cosm\u00e9tica.<\/li>\n<li><strong>SOPORTE<\/strong><br \/>\nContamos con un <a href=\"https:\/\/aton.com\/es\/soluciones\/service-desk\/\" target=\"_blank\" rel=\"noopener\">Equipo de Soporte de Tienda Multiling\u00fce<\/a> con 100 profesionales que cubren todo el horario comercial, proporcionando soporte Cegid en 14 idiomas: italiano, ingl\u00e9s, franc\u00e9s, alem\u00e1n, espa\u00f1ol, portugu\u00e9s, griego, checo, eslovaco, croata, esloveno, polaco, h\u00fangaro y rumano.<\/li>\n<\/ul>\n<p>&nbsp;<\/p>\n<p><img loading=\"lazy\" decoding=\"async\" class=\" wp-image-72871 aligncenter\" src=\"https:\/\/aton.com\/wp-content\/uploads\/2024\/08\/Aton-Allspark-Iberica.png\" alt=\"Aton Allspark Ib\u00e9rica\" width=\"724\" height=\"171\" \/><\/p>\n","protected":false},"excerpt":{"rendered":"<p>Aton Allspark Ib\u00e9rica Aton Allspark Ib\u00e9rica, Joint Venture con sede en Barcelona, combina el know-how en consultor\u00eda de Allspark, que lleva implantando proyectos basados en la plataforma de comercio unificado Cegid Retail desde 2008, con la experiencia y soluciones de Aton para la gesti\u00f3n del comercio minorista y el soporte al punto de venta. Aton [&hellip;]<\/p>\n","protected":false},"author":4,"featured_media":0,"parent":0,"menu_order":0,"comment_status":"closed","ping_status":"closed","template":"","meta":{"_acf_changed":false},"class_list":["post-72775","page","type-page","status-publish","hentry"],"acf":[],"yoast_head":"<!-- This site is optimized with the Yoast SEO plugin v26.2 - https:\/\/yoast.com\/wordpress\/plugins\/seo\/ -->\n<title>Aton Allspark Ib\u00e9rica - Aton<\/title>\n<meta name=\"description\" content=\"Aton Allspark Ib\u00e9rica es una empresa multinacional especializada en el Retail: soporte multiling\u00fce, soluciones de gesti\u00f3n minorista, RFID.\" \/>\n<meta name=\"robots\" content=\"index, follow, max-snippet:-1, max-image-preview:large, max-video-preview:-1\" \/>\n<link rel=\"canonical\" href=\"https:\/\/aton.com\/es\/aton-allspark-iberica\/\" \/>\n<meta property=\"og:locale\" content=\"es_ES\" \/>\n<meta property=\"og:type\" content=\"article\" \/>\n<meta property=\"og:title\" content=\"Aton Allspark Ib\u00e9rica - Aton\" \/>\n<meta property=\"og:description\" content=\"Aton Allspark Ib\u00e9rica es una empresa multinacional especializada en el Retail: soporte multiling\u00fce, soluciones de gesti\u00f3n minorista, RFID.\" \/>\n<meta property=\"og:url\" content=\"https:\/\/aton.com\/es\/aton-allspark-iberica\/\" \/>\n<meta property=\"og:site_name\" content=\"Aton\" \/>\n<meta property=\"article:publisher\" content=\"https:\/\/www.facebook.com\/aton.spa\/\" \/>\n<meta property=\"og:image\" content=\"https:\/\/aton.com\/wp-content\/uploads\/2024\/08\/Aton-Allspark-Iberica.png\" \/>\n<meta name=\"twitter:card\" content=\"summary_large_image\" \/>\n<meta name=\"twitter:label1\" content=\"Tiempo de lectura\" \/>\n\t<meta name=\"twitter:data1\" content=\"1 minuto\" \/>\n<script type=\"application\/ld+json\" class=\"yoast-schema-graph\">{\"@context\":\"https:\/\/schema.org\",\"@graph\":[{\"@type\":\"WebPage\",\"@id\":\"https:\/\/aton.com\/es\/aton-allspark-iberica\/\",\"url\":\"https:\/\/aton.com\/es\/aton-allspark-iberica\/\",\"name\":\"Aton Allspark Ib\u00e9rica - Aton\",\"isPartOf\":{\"@id\":\"https:\/\/aton.com\/#website\"},\"primaryImageOfPage\":{\"@id\":\"https:\/\/aton.com\/es\/aton-allspark-iberica\/#primaryimage\"},\"image\":{\"@id\":\"https:\/\/aton.com\/es\/aton-allspark-iberica\/#primaryimage\"},\"thumbnailUrl\":\"https:\/\/aton.com\/wp-content\/uploads\/2024\/08\/Aton-Allspark-Iberica.png\",\"datePublished\":\"2024-08-28T11:05:17+00:00\",\"description\":\"Aton Allspark Ib\u00e9rica es una empresa multinacional especializada en el Retail: soporte multiling\u00fce, soluciones de gesti\u00f3n minorista, RFID.\",\"breadcrumb\":{\"@id\":\"https:\/\/aton.com\/es\/aton-allspark-iberica\/#breadcrumb\"},\"inLanguage\":\"es\",\"potentialAction\":[{\"@type\":\"ReadAction\",\"target\":[\"https:\/\/aton.com\/es\/aton-allspark-iberica\/\"]}]},{\"@type\":\"ImageObject\",\"inLanguage\":\"es\",\"@id\":\"https:\/\/aton.com\/es\/aton-allspark-iberica\/#primaryimage\",\"url\":\"https:\/\/aton.com\/wp-content\/uploads\/2024\/08\/Aton-Allspark-Iberica.png\",\"contentUrl\":\"https:\/\/aton.com\/wp-content\/uploads\/2024\/08\/Aton-Allspark-Iberica.png\"},{\"@type\":\"BreadcrumbList\",\"@id\":\"https:\/\/aton.com\/es\/aton-allspark-iberica\/#breadcrumb\",\"itemListElement\":[{\"@type\":\"ListItem\",\"position\":1,\"name\":\"Home\",\"item\":\"https:\/\/aton.com\/es\/\"},{\"@type\":\"ListItem\",\"position\":2,\"name\":\"Aton Allspark Ib\u00e9rica\"}]},{\"@type\":\"WebSite\",\"@id\":\"https:\/\/aton.com\/#website\",\"url\":\"https:\/\/aton.com\/\",\"name\":\"Aton\",\"description\":\"Accompagniamo la tua azienda verso la trasformazione digitale sostenibile\",\"publisher\":{\"@id\":\"https:\/\/aton.com\/#organization\"},\"potentialAction\":[{\"@type\":\"SearchAction\",\"target\":{\"@type\":\"EntryPoint\",\"urlTemplate\":\"https:\/\/aton.com\/?s={search_term_string}\"},\"query-input\":{\"@type\":\"PropertyValueSpecification\",\"valueRequired\":true,\"valueName\":\"search_term_string\"}}],\"inLanguage\":\"es\"},{\"@type\":\"Organization\",\"@id\":\"https:\/\/aton.com\/#organization\",\"name\":\"Aton S.p.A. Societ\u00e0 Benefit\",\"url\":\"https:\/\/aton.com\/\",\"logo\":{\"@type\":\"ImageObject\",\"inLanguage\":\"es\",\"@id\":\"https:\/\/aton.com\/#\/schema\/logo\/image\/\",\"url\":\"https:\/\/aton.com\/wp-content\/uploads\/2022\/03\/aton_logo.png\",\"contentUrl\":\"https:\/\/aton.com\/wp-content\/uploads\/2022\/03\/aton_logo.png\",\"width\":295,\"height\":171,\"caption\":\"Aton S.p.A. Societ\u00e0 Benefit\"},\"image\":{\"@id\":\"https:\/\/aton.com\/#\/schema\/logo\/image\/\"},\"sameAs\":[\"https:\/\/www.facebook.com\/aton.spa\/\",\"https:\/\/www.linkedin.com\/company\/aton-s.p.a.\",\"https:\/\/www.instagram.com\/atonspasocietabenefit\/\"]}]}<\/script>\n<!-- \/ Yoast SEO plugin. -->","yoast_head_json":{"title":"Aton Allspark Ib\u00e9rica - Aton","description":"Aton Allspark Ib\u00e9rica es una empresa multinacional especializada en el Retail: soporte multiling\u00fce, soluciones de gesti\u00f3n minorista, RFID.","robots":{"index":"index","follow":"follow","max-snippet":"max-snippet:-1","max-image-preview":"max-image-preview:large","max-video-preview":"max-video-preview:-1"},"canonical":"https:\/\/aton.com\/es\/aton-allspark-iberica\/","og_locale":"es_ES","og_type":"article","og_title":"Aton Allspark Ib\u00e9rica - Aton","og_description":"Aton Allspark Ib\u00e9rica es una empresa multinacional especializada en el Retail: soporte multiling\u00fce, soluciones de gesti\u00f3n minorista, RFID.","og_url":"https:\/\/aton.com\/es\/aton-allspark-iberica\/","og_site_name":"Aton","article_publisher":"https:\/\/www.facebook.com\/aton.spa\/","og_image":[{"url":"https:\/\/aton.com\/wp-content\/uploads\/2024\/08\/Aton-Allspark-Iberica.png","type":"","width":"","height":""}],"twitter_card":"summary_large_image","twitter_misc":{"Tiempo de lectura":"1 minuto"},"schema":{"@context":"https:\/\/schema.org","@graph":[{"@type":"WebPage","@id":"https:\/\/aton.com\/es\/aton-allspark-iberica\/","url":"https:\/\/aton.com\/es\/aton-allspark-iberica\/","name":"Aton Allspark Ib\u00e9rica - Aton","isPartOf":{"@id":"https:\/\/aton.com\/#website"},"primaryImageOfPage":{"@id":"https:\/\/aton.com\/es\/aton-allspark-iberica\/#primaryimage"},"image":{"@id":"https:\/\/aton.com\/es\/aton-allspark-iberica\/#primaryimage"},"thumbnailUrl":"https:\/\/aton.com\/wp-content\/uploads\/2024\/08\/Aton-Allspark-Iberica.png","datePublished":"2024-08-28T11:05:17+00:00","description":"Aton Allspark Ib\u00e9rica es una empresa multinacional especializada en el Retail: soporte multiling\u00fce, soluciones de gesti\u00f3n minorista, RFID.","breadcrumb":{"@id":"https:\/\/aton.com\/es\/aton-allspark-iberica\/#breadcrumb"},"inLanguage":"es","potentialAction":[{"@type":"ReadAction","target":["https:\/\/aton.com\/es\/aton-allspark-iberica\/"]}]},{"@type":"ImageObject","inLanguage":"es","@id":"https:\/\/aton.com\/es\/aton-allspark-iberica\/#primaryimage","url":"https:\/\/aton.com\/wp-content\/uploads\/2024\/08\/Aton-Allspark-Iberica.png","contentUrl":"https:\/\/aton.com\/wp-content\/uploads\/2024\/08\/Aton-Allspark-Iberica.png"},{"@type":"BreadcrumbList","@id":"https:\/\/aton.com\/es\/aton-allspark-iberica\/#breadcrumb","itemListElement":[{"@type":"ListItem","position":1,"name":"Home","item":"https:\/\/aton.com\/es\/"},{"@type":"ListItem","position":2,"name":"Aton Allspark Ib\u00e9rica"}]},{"@type":"WebSite","@id":"https:\/\/aton.com\/#website","url":"https:\/\/aton.com\/","name":"Aton","description":"Accompagniamo la tua azienda verso la trasformazione digitale sostenibile","publisher":{"@id":"https:\/\/aton.com\/#organization"},"potentialAction":[{"@type":"SearchAction","target":{"@type":"EntryPoint","urlTemplate":"https:\/\/aton.com\/?s={search_term_string}"},"query-input":{"@type":"PropertyValueSpecification","valueRequired":true,"valueName":"search_term_string"}}],"inLanguage":"es"},{"@type":"Organization","@id":"https:\/\/aton.com\/#organization","name":"Aton S.p.A. Societ\u00e0 Benefit","url":"https:\/\/aton.com\/","logo":{"@type":"ImageObject","inLanguage":"es","@id":"https:\/\/aton.com\/#\/schema\/logo\/image\/","url":"https:\/\/aton.com\/wp-content\/uploads\/2022\/03\/aton_logo.png","contentUrl":"https:\/\/aton.com\/wp-content\/uploads\/2022\/03\/aton_logo.png","width":295,"height":171,"caption":"Aton S.p.A. Societ\u00e0 Benefit"},"image":{"@id":"https:\/\/aton.com\/#\/schema\/logo\/image\/"},"sameAs":["https:\/\/www.facebook.com\/aton.spa\/","https:\/\/www.linkedin.com\/company\/aton-s.p.a.","https:\/\/www.instagram.com\/atonspasocietabenefit\/"]}]}},"_links":{"self":[{"href":"https:\/\/aton.com\/es\/wp-json\/wp\/v2\/pages\/72775","targetHints":{"allow":["GET"]}}],"collection":[{"href":"https:\/\/aton.com\/es\/wp-json\/wp\/v2\/pages"}],"about":[{"href":"https:\/\/aton.com\/es\/wp-json\/wp\/v2\/types\/page"}],"author":[{"embeddable":true,"href":"https:\/\/aton.com\/es\/wp-json\/wp\/v2\/users\/4"}],"replies":[{"embeddable":true,"href":"https:\/\/aton.com\/es\/wp-json\/wp\/v2\/comments?post=72775"}],"version-history":[{"count":2,"href":"https:\/\/aton.com\/es\/wp-json\/wp\/v2\/pages\/72775\/revisions"}],"predecessor-version":[{"id":72881,"href":"https:\/\/aton.com\/es\/wp-json\/wp\/v2\/pages\/72775\/revisions\/72881"}],"wp:attachment":[{"href":"https:\/\/aton.com\/es\/wp-json\/wp\/v2\/media?parent=72775"}],"curies":[{"name":"wp","href":"https:\/\/api.w.org\/{rel}","templated":true}]}}