{"id":71888,"date":"2025-06-26T17:48:51","date_gmt":"2025-06-26T15:48:51","guid":{"rendered":"https:\/\/aton.com\/?page_id=71888"},"modified":"2025-06-26T17:48:51","modified_gmt":"2025-06-26T15:48:51","slug":"trabaja-con-nosotros","status":"publish","type":"page","link":"https:\/\/aton.com\/es\/trabaja-con-nosotros\/","title":{"rendered":"Trabaja con nosotros"},"content":{"rendered":"<h2>Trabaja con notros<\/h2>\n<p>Estamos epecializados en el desarrollo de aplicaciones software m\u00f3viles dirigidas al mercado de bienes de amplio consumo, a las cadenas de retail, al energy y a la industria. Nuestras soluciones y nuestros servicios abrazan toda la supply chain, con un focus particular en la distribuci\u00f3n a trav\u00e9s de los distintos canales: del e-commerce al punto de venta f\u00edsico.<br \/>\nSomos 200 profesionales que trabajan codo con codo en los Teams de desarrollo, delivery &amp; maintenance especializados por aplicaciones y en el Team de Service Desk de I y II nivel, que proporciona asistencia IT a los puntos de venta del retail.<\/p>\n<p>&nbsp;<\/p>\n","protected":false},"excerpt":{"rendered":"<p>Trabaja con notros Estamos epecializados en el desarrollo de aplicaciones software m\u00f3viles dirigidas al mercado de bienes de amplio consumo, a las cadenas de retail, al energy y a la industria. Nuestras soluciones y nuestros servicios abrazan toda la supply chain, con un focus particular en la distribuci\u00f3n a trav\u00e9s de los distintos canales: del [&hellip;]<\/p>\n","protected":false},"author":2,"featured_media":46025,"parent":0,"menu_order":0,"comment_status":"closed","ping_status":"closed","template":"templates\/tpl-work-with-us-inrecruiting.php","meta":{"_acf_changed":false},"class_list":["post-71888","page","type-page","status-publish","has-post-thumbnail","hentry"],"acf":[],"yoast_head":"<!-- This site is optimized with the Yoast SEO plugin v26.2 - https:\/\/yoast.com\/wordpress\/plugins\/seo\/ -->\n<title>Siempre estamos buscando nuevos talentos, \u00bfquieres unirte al equipo? - Aton<\/title>\n<meta name=\"description\" content=\"Creemos en las relaciones de confianza, complicidad y apoyo, por eso formamos parte de la comunidad de empresas certificadas por Great Place to Work\" \/>\n<meta name=\"robots\" content=\"index, follow, max-snippet:-1, max-image-preview:large, max-video-preview:-1\" \/>\n<link rel=\"canonical\" href=\"https:\/\/aton.com\/es\/trabaja-con-nosotros\/\" \/>\n<meta property=\"og:locale\" content=\"es_ES\" \/>\n<meta property=\"og:type\" content=\"article\" \/>\n<meta property=\"og:title\" content=\"Siempre estamos buscando nuevos talentos, \u00bfquieres unirte al equipo? - Aton\" \/>\n<meta property=\"og:description\" content=\"Creemos en las relaciones de confianza, complicidad y apoyo, por eso formamos parte de la comunidad de empresas certificadas por Great Place to Work\" \/>\n<meta property=\"og:url\" content=\"https:\/\/aton.com\/es\/trabaja-con-nosotros\/\" \/>\n<meta property=\"og:site_name\" content=\"Aton\" \/>\n<meta property=\"article:publisher\" content=\"https:\/\/www.facebook.com\/aton.spa\/\" \/>\n<meta property=\"og:image\" content=\"https:\/\/aton.com\/wp-content\/uploads\/2022\/09\/Aton_On_Summer-38.jpg\" \/>\n\t<meta property=\"og:image:width\" content=\"1800\" \/>\n\t<meta property=\"og:image:height\" content=\"1013\" \/>\n\t<meta property=\"og:image:type\" content=\"image\/jpeg\" \/>\n<meta name=\"twitter:card\" content=\"summary_large_image\" \/>\n<meta name=\"twitter:label1\" content=\"Tiempo de lectura\" \/>\n\t<meta name=\"twitter:data1\" content=\"1 minuto\" \/>\n<script type=\"application\/ld+json\" class=\"yoast-schema-graph\">{\"@context\":\"https:\/\/schema.org\",\"@graph\":[{\"@type\":\"WebPage\",\"@id\":\"https:\/\/aton.com\/es\/trabaja-con-nosotros\/\",\"url\":\"https:\/\/aton.com\/es\/trabaja-con-nosotros\/\",\"name\":\"Siempre estamos buscando nuevos talentos, \u00bfquieres unirte al equipo? - Aton\",\"isPartOf\":{\"@id\":\"https:\/\/aton.com\/#website\"},\"primaryImageOfPage\":{\"@id\":\"https:\/\/aton.com\/es\/trabaja-con-nosotros\/#primaryimage\"},\"image\":{\"@id\":\"https:\/\/aton.com\/es\/trabaja-con-nosotros\/#primaryimage\"},\"thumbnailUrl\":\"https:\/\/aton.com\/wp-content\/uploads\/2022\/09\/Aton_On_Summer-38.jpg\",\"datePublished\":\"2025-06-26T15:48:51+00:00\",\"description\":\"Creemos en las relaciones de confianza, complicidad y apoyo, por eso formamos parte de la comunidad de empresas certificadas por Great Place to Work\",\"breadcrumb\":{\"@id\":\"https:\/\/aton.com\/es\/trabaja-con-nosotros\/#breadcrumb\"},\"inLanguage\":\"es\",\"potentialAction\":[{\"@type\":\"ReadAction\",\"target\":[\"https:\/\/aton.com\/es\/trabaja-con-nosotros\/\"]}]},{\"@type\":\"ImageObject\",\"inLanguage\":\"es\",\"@id\":\"https:\/\/aton.com\/es\/trabaja-con-nosotros\/#primaryimage\",\"url\":\"https:\/\/aton.com\/wp-content\/uploads\/2022\/09\/Aton_On_Summer-38.jpg\",\"contentUrl\":\"https:\/\/aton.com\/wp-content\/uploads\/2022\/09\/Aton_On_Summer-38.jpg\",\"width\":1800,\"height\":1013,\"caption\":\"aton-Trabaja-con-nosotros-banner-img\"},{\"@type\":\"BreadcrumbList\",\"@id\":\"https:\/\/aton.com\/es\/trabaja-con-nosotros\/#breadcrumb\",\"itemListElement\":[{\"@type\":\"ListItem\",\"position\":1,\"name\":\"Home\",\"item\":\"https:\/\/aton.com\/es\/\"},{\"@type\":\"ListItem\",\"position\":2,\"name\":\"Trabaja con nosotros\"}]},{\"@type\":\"WebSite\",\"@id\":\"https:\/\/aton.com\/#website\",\"url\":\"https:\/\/aton.com\/\",\"name\":\"Aton\",\"description\":\"Accompagniamo la tua azienda verso la trasformazione digitale sostenibile\",\"publisher\":{\"@id\":\"https:\/\/aton.com\/#organization\"},\"potentialAction\":[{\"@type\":\"SearchAction\",\"target\":{\"@type\":\"EntryPoint\",\"urlTemplate\":\"https:\/\/aton.com\/?s={search_term_string}\"},\"query-input\":{\"@type\":\"PropertyValueSpecification\",\"valueRequired\":true,\"valueName\":\"search_term_string\"}}],\"inLanguage\":\"es\"},{\"@type\":\"Organization\",\"@id\":\"https:\/\/aton.com\/#organization\",\"name\":\"Aton S.p.A. Societ\u00e0 Benefit\",\"url\":\"https:\/\/aton.com\/\",\"logo\":{\"@type\":\"ImageObject\",\"inLanguage\":\"es\",\"@id\":\"https:\/\/aton.com\/#\/schema\/logo\/image\/\",\"url\":\"https:\/\/aton.com\/wp-content\/uploads\/2022\/03\/aton_logo.png\",\"contentUrl\":\"https:\/\/aton.com\/wp-content\/uploads\/2022\/03\/aton_logo.png\",\"width\":295,\"height\":171,\"caption\":\"Aton S.p.A. Societ\u00e0 Benefit\"},\"image\":{\"@id\":\"https:\/\/aton.com\/#\/schema\/logo\/image\/\"},\"sameAs\":[\"https:\/\/www.facebook.com\/aton.spa\/\",\"https:\/\/www.linkedin.com\/company\/aton-s.p.a.\",\"https:\/\/www.instagram.com\/atonspasocietabenefit\/\"]}]}<\/script>\n<!-- \/ Yoast SEO plugin. -->","yoast_head_json":{"title":"Siempre estamos buscando nuevos talentos, \u00bfquieres unirte al equipo? - Aton","description":"Creemos en las relaciones de confianza, complicidad y apoyo, por eso formamos parte de la comunidad de empresas certificadas por Great Place to Work","robots":{"index":"index","follow":"follow","max-snippet":"max-snippet:-1","max-image-preview":"max-image-preview:large","max-video-preview":"max-video-preview:-1"},"canonical":"https:\/\/aton.com\/es\/trabaja-con-nosotros\/","og_locale":"es_ES","og_type":"article","og_title":"Siempre estamos buscando nuevos talentos, \u00bfquieres unirte al equipo? - Aton","og_description":"Creemos en las relaciones de confianza, complicidad y apoyo, por eso formamos parte de la comunidad de empresas certificadas por Great Place to Work","og_url":"https:\/\/aton.com\/es\/trabaja-con-nosotros\/","og_site_name":"Aton","article_publisher":"https:\/\/www.facebook.com\/aton.spa\/","og_image":[{"width":1800,"height":1013,"url":"https:\/\/aton.com\/wp-content\/uploads\/2022\/09\/Aton_On_Summer-38.jpg","type":"image\/jpeg"}],"twitter_card":"summary_large_image","twitter_misc":{"Tiempo de lectura":"1 minuto"},"schema":{"@context":"https:\/\/schema.org","@graph":[{"@type":"WebPage","@id":"https:\/\/aton.com\/es\/trabaja-con-nosotros\/","url":"https:\/\/aton.com\/es\/trabaja-con-nosotros\/","name":"Siempre estamos buscando nuevos talentos, \u00bfquieres unirte al equipo? - Aton","isPartOf":{"@id":"https:\/\/aton.com\/#website"},"primaryImageOfPage":{"@id":"https:\/\/aton.com\/es\/trabaja-con-nosotros\/#primaryimage"},"image":{"@id":"https:\/\/aton.com\/es\/trabaja-con-nosotros\/#primaryimage"},"thumbnailUrl":"https:\/\/aton.com\/wp-content\/uploads\/2022\/09\/Aton_On_Summer-38.jpg","datePublished":"2025-06-26T15:48:51+00:00","description":"Creemos en las relaciones de confianza, complicidad y apoyo, por eso formamos parte de la comunidad de empresas certificadas por Great Place to Work","breadcrumb":{"@id":"https:\/\/aton.com\/es\/trabaja-con-nosotros\/#breadcrumb"},"inLanguage":"es","potentialAction":[{"@type":"ReadAction","target":["https:\/\/aton.com\/es\/trabaja-con-nosotros\/"]}]},{"@type":"ImageObject","inLanguage":"es","@id":"https:\/\/aton.com\/es\/trabaja-con-nosotros\/#primaryimage","url":"https:\/\/aton.com\/wp-content\/uploads\/2022\/09\/Aton_On_Summer-38.jpg","contentUrl":"https:\/\/aton.com\/wp-content\/uploads\/2022\/09\/Aton_On_Summer-38.jpg","width":1800,"height":1013,"caption":"aton-Trabaja-con-nosotros-banner-img"},{"@type":"BreadcrumbList","@id":"https:\/\/aton.com\/es\/trabaja-con-nosotros\/#breadcrumb","itemListElement":[{"@type":"ListItem","position":1,"name":"Home","item":"https:\/\/aton.com\/es\/"},{"@type":"ListItem","position":2,"name":"Trabaja con nosotros"}]},{"@type":"WebSite","@id":"https:\/\/aton.com\/#website","url":"https:\/\/aton.com\/","name":"Aton","description":"Accompagniamo la tua azienda verso la trasformazione digitale sostenibile","publisher":{"@id":"https:\/\/aton.com\/#organization"},"potentialAction":[{"@type":"SearchAction","target":{"@type":"EntryPoint","urlTemplate":"https:\/\/aton.com\/?s={search_term_string}"},"query-input":{"@type":"PropertyValueSpecification","valueRequired":true,"valueName":"search_term_string"}}],"inLanguage":"es"},{"@type":"Organization","@id":"https:\/\/aton.com\/#organization","name":"Aton S.p.A. Societ\u00e0 Benefit","url":"https:\/\/aton.com\/","logo":{"@type":"ImageObject","inLanguage":"es","@id":"https:\/\/aton.com\/#\/schema\/logo\/image\/","url":"https:\/\/aton.com\/wp-content\/uploads\/2022\/03\/aton_logo.png","contentUrl":"https:\/\/aton.com\/wp-content\/uploads\/2022\/03\/aton_logo.png","width":295,"height":171,"caption":"Aton S.p.A. Societ\u00e0 Benefit"},"image":{"@id":"https:\/\/aton.com\/#\/schema\/logo\/image\/"},"sameAs":["https:\/\/www.facebook.com\/aton.spa\/","https:\/\/www.linkedin.com\/company\/aton-s.p.a.","https:\/\/www.instagram.com\/atonspasocietabenefit\/"]}]}},"_links":{"self":[{"href":"https:\/\/aton.com\/es\/wp-json\/wp\/v2\/pages\/71888","targetHints":{"allow":["GET"]}}],"collection":[{"href":"https:\/\/aton.com\/es\/wp-json\/wp\/v2\/pages"}],"about":[{"href":"https:\/\/aton.com\/es\/wp-json\/wp\/v2\/types\/page"}],"author":[{"embeddable":true,"href":"https:\/\/aton.com\/es\/wp-json\/wp\/v2\/users\/2"}],"replies":[{"embeddable":true,"href":"https:\/\/aton.com\/es\/wp-json\/wp\/v2\/comments?post=71888"}],"version-history":[{"count":1,"href":"https:\/\/aton.com\/es\/wp-json\/wp\/v2\/pages\/71888\/revisions"}],"predecessor-version":[{"id":74519,"href":"https:\/\/aton.com\/es\/wp-json\/wp\/v2\/pages\/71888\/revisions\/74519"}],"wp:featuredmedia":[{"embeddable":true,"href":"https:\/\/aton.com\/es\/wp-json\/wp\/v2\/media\/46025"}],"wp:attachment":[{"href":"https:\/\/aton.com\/es\/wp-json\/wp\/v2\/media?parent=71888"}],"curies":[{"name":"wp","href":"https:\/\/api.w.org\/{rel}","templated":true}]}}