{"id":42293,"date":"2021-08-19T17:55:35","date_gmt":"2021-08-19T15:55:35","guid":{"rendered":"https:\/\/aton.com\/?page_id=42293"},"modified":"2026-03-17T13:00:45","modified_gmt":"2026-03-17T12:00:45","slug":"contacto","status":"publish","type":"page","link":"https:\/\/aton.com\/es\/contacto\/","title":{"rendered":"Contacto"},"content":{"rendered":"<p>Rellene el formulario para recibir informaci\u00f3n sobre nuestras soluciones y servicios.<br \/>\nApoyamos a las empresas italianas e internacionales a trav\u00e9s de una red de filiales y socios especializados.<\/p>\n","protected":false},"excerpt":{"rendered":"<p>Rellene el formulario para recibir informaci\u00f3n sobre nuestras soluciones y servicios. Apoyamos a las empresas italianas e internacionales a trav\u00e9s de una red de filiales y socios especializados.<\/p>\n","protected":false},"author":2,"featured_media":43439,"parent":0,"menu_order":30,"comment_status":"closed","ping_status":"closed","template":"templates\/tpl-contacts.php","meta":{"_acf_changed":false},"class_list":["post-42293","page","type-page","status-publish","has-post-thumbnail","hentry"],"acf":[],"yoast_head":"<!-- This site is optimized with the Yoast SEO plugin v26.2 - https:\/\/yoast.com\/wordpress\/plugins\/seo\/ -->\n<title>P\u00f3ngase en contacto con nosotros y encontraremos la soluci\u00f3n adecuada para su empresa - Aton<\/title>\n<meta name=\"description\" content=\"Con nuestros socios, apoyamos a las empresas italianas e internacionales en la transformaci\u00f3n digital de sus procesos de log\u00edstica, distribuci\u00f3n y ventas\" \/>\n<meta name=\"robots\" content=\"index, follow, max-snippet:-1, max-image-preview:large, max-video-preview:-1\" \/>\n<link rel=\"canonical\" href=\"https:\/\/aton.com\/es\/contacto\/\" \/>\n<meta property=\"og:locale\" content=\"es_ES\" \/>\n<meta property=\"og:type\" content=\"article\" \/>\n<meta property=\"og:title\" content=\"P\u00f3ngase en contacto con nosotros y encontraremos la soluci\u00f3n adecuada para su empresa - Aton\" \/>\n<meta property=\"og:description\" content=\"Con nuestros socios, apoyamos a las empresas italianas e internacionales en la transformaci\u00f3n digital de sus procesos de log\u00edstica, distribuci\u00f3n y ventas\" \/>\n<meta property=\"og:url\" content=\"https:\/\/aton.com\/es\/contacto\/\" \/>\n<meta property=\"og:site_name\" content=\"Aton\" \/>\n<meta property=\"article:publisher\" content=\"https:\/\/www.facebook.com\/aton.spa\/\" \/>\n<meta property=\"article:modified_time\" content=\"2026-03-17T12:00:45+00:00\" \/>\n<meta property=\"og:image\" content=\"https:\/\/aton.com\/wp-content\/uploads\/2022\/01\/Mesa-de-trabajo-1.png\" \/>\n\t<meta property=\"og:image:width\" content=\"2084\" \/>\n\t<meta property=\"og:image:height\" content=\"2084\" \/>\n\t<meta property=\"og:image:type\" content=\"image\/png\" \/>\n<meta name=\"twitter:card\" content=\"summary_large_image\" \/>\n<meta name=\"twitter:label1\" content=\"Tiempo de lectura\" \/>\n\t<meta name=\"twitter:data1\" content=\"1 minuto\" \/>\n<script type=\"application\/ld+json\" class=\"yoast-schema-graph\">{\"@context\":\"https:\/\/schema.org\",\"@graph\":[{\"@type\":\"WebPage\",\"@id\":\"https:\/\/aton.com\/es\/contacto\/\",\"url\":\"https:\/\/aton.com\/es\/contacto\/\",\"name\":\"P\u00f3ngase en contacto con nosotros y encontraremos la soluci\u00f3n adecuada para su empresa - Aton\",\"isPartOf\":{\"@id\":\"https:\/\/aton.com\/#website\"},\"primaryImageOfPage\":{\"@id\":\"https:\/\/aton.com\/es\/contacto\/#primaryimage\"},\"image\":{\"@id\":\"https:\/\/aton.com\/es\/contacto\/#primaryimage\"},\"thumbnailUrl\":\"https:\/\/aton.com\/wp-content\/uploads\/2022\/01\/Mesa-de-trabajo-1.png\",\"datePublished\":\"2021-08-19T15:55:35+00:00\",\"dateModified\":\"2026-03-17T12:00:45+00:00\",\"description\":\"Con nuestros socios, apoyamos a las empresas italianas e internacionales en la transformaci\u00f3n digital de sus procesos de log\u00edstica, distribuci\u00f3n y ventas\",\"breadcrumb\":{\"@id\":\"https:\/\/aton.com\/es\/contacto\/#breadcrumb\"},\"inLanguage\":\"es\",\"potentialAction\":[{\"@type\":\"ReadAction\",\"target\":[\"https:\/\/aton.com\/es\/contacto\/\"]}]},{\"@type\":\"ImageObject\",\"inLanguage\":\"es\",\"@id\":\"https:\/\/aton.com\/es\/contacto\/#primaryimage\",\"url\":\"https:\/\/aton.com\/wp-content\/uploads\/2022\/01\/Mesa-de-trabajo-1.png\",\"contentUrl\":\"https:\/\/aton.com\/wp-content\/uploads\/2022\/01\/Mesa-de-trabajo-1.png\",\"width\":2084,\"height\":2084,\"caption\":\"le-sedi-aton-img\"},{\"@type\":\"BreadcrumbList\",\"@id\":\"https:\/\/aton.com\/es\/contacto\/#breadcrumb\",\"itemListElement\":[{\"@type\":\"ListItem\",\"position\":1,\"name\":\"Home\",\"item\":\"https:\/\/aton.com\/es\/\"},{\"@type\":\"ListItem\",\"position\":2,\"name\":\"Contacto\"}]},{\"@type\":\"WebSite\",\"@id\":\"https:\/\/aton.com\/#website\",\"url\":\"https:\/\/aton.com\/\",\"name\":\"Aton\",\"description\":\"Accompagniamo la tua azienda verso la trasformazione digitale sostenibile\",\"publisher\":{\"@id\":\"https:\/\/aton.com\/#organization\"},\"potentialAction\":[{\"@type\":\"SearchAction\",\"target\":{\"@type\":\"EntryPoint\",\"urlTemplate\":\"https:\/\/aton.com\/?s={search_term_string}\"},\"query-input\":{\"@type\":\"PropertyValueSpecification\",\"valueRequired\":true,\"valueName\":\"search_term_string\"}}],\"inLanguage\":\"es\"},{\"@type\":\"Organization\",\"@id\":\"https:\/\/aton.com\/#organization\",\"name\":\"Aton S.p.A. Societ\u00e0 Benefit\",\"url\":\"https:\/\/aton.com\/\",\"logo\":{\"@type\":\"ImageObject\",\"inLanguage\":\"es\",\"@id\":\"https:\/\/aton.com\/#\/schema\/logo\/image\/\",\"url\":\"https:\/\/aton.com\/wp-content\/uploads\/2022\/03\/aton_logo.png\",\"contentUrl\":\"https:\/\/aton.com\/wp-content\/uploads\/2022\/03\/aton_logo.png\",\"width\":295,\"height\":171,\"caption\":\"Aton S.p.A. Societ\u00e0 Benefit\"},\"image\":{\"@id\":\"https:\/\/aton.com\/#\/schema\/logo\/image\/\"},\"sameAs\":[\"https:\/\/www.facebook.com\/aton.spa\/\",\"https:\/\/www.linkedin.com\/company\/aton-s.p.a.\",\"https:\/\/www.instagram.com\/atonspasocietabenefit\/\"]}]}<\/script>\n<!-- \/ Yoast SEO plugin. -->","yoast_head_json":{"title":"P\u00f3ngase en contacto con nosotros y encontraremos la soluci\u00f3n adecuada para su empresa - Aton","description":"Con nuestros socios, apoyamos a las empresas italianas e internacionales en la transformaci\u00f3n digital de sus procesos de log\u00edstica, distribuci\u00f3n y ventas","robots":{"index":"index","follow":"follow","max-snippet":"max-snippet:-1","max-image-preview":"max-image-preview:large","max-video-preview":"max-video-preview:-1"},"canonical":"https:\/\/aton.com\/es\/contacto\/","og_locale":"es_ES","og_type":"article","og_title":"P\u00f3ngase en contacto con nosotros y encontraremos la soluci\u00f3n adecuada para su empresa - Aton","og_description":"Con nuestros socios, apoyamos a las empresas italianas e internacionales en la transformaci\u00f3n digital de sus procesos de log\u00edstica, distribuci\u00f3n y ventas","og_url":"https:\/\/aton.com\/es\/contacto\/","og_site_name":"Aton","article_publisher":"https:\/\/www.facebook.com\/aton.spa\/","article_modified_time":"2026-03-17T12:00:45+00:00","og_image":[{"width":2084,"height":2084,"url":"https:\/\/aton.com\/wp-content\/uploads\/2022\/01\/Mesa-de-trabajo-1.png","type":"image\/png"}],"twitter_card":"summary_large_image","twitter_misc":{"Tiempo de lectura":"1 minuto"},"schema":{"@context":"https:\/\/schema.org","@graph":[{"@type":"WebPage","@id":"https:\/\/aton.com\/es\/contacto\/","url":"https:\/\/aton.com\/es\/contacto\/","name":"P\u00f3ngase en contacto con nosotros y encontraremos la soluci\u00f3n adecuada para su empresa - Aton","isPartOf":{"@id":"https:\/\/aton.com\/#website"},"primaryImageOfPage":{"@id":"https:\/\/aton.com\/es\/contacto\/#primaryimage"},"image":{"@id":"https:\/\/aton.com\/es\/contacto\/#primaryimage"},"thumbnailUrl":"https:\/\/aton.com\/wp-content\/uploads\/2022\/01\/Mesa-de-trabajo-1.png","datePublished":"2021-08-19T15:55:35+00:00","dateModified":"2026-03-17T12:00:45+00:00","description":"Con nuestros socios, apoyamos a las empresas italianas e internacionales en la transformaci\u00f3n digital de sus procesos de log\u00edstica, distribuci\u00f3n y ventas","breadcrumb":{"@id":"https:\/\/aton.com\/es\/contacto\/#breadcrumb"},"inLanguage":"es","potentialAction":[{"@type":"ReadAction","target":["https:\/\/aton.com\/es\/contacto\/"]}]},{"@type":"ImageObject","inLanguage":"es","@id":"https:\/\/aton.com\/es\/contacto\/#primaryimage","url":"https:\/\/aton.com\/wp-content\/uploads\/2022\/01\/Mesa-de-trabajo-1.png","contentUrl":"https:\/\/aton.com\/wp-content\/uploads\/2022\/01\/Mesa-de-trabajo-1.png","width":2084,"height":2084,"caption":"le-sedi-aton-img"},{"@type":"BreadcrumbList","@id":"https:\/\/aton.com\/es\/contacto\/#breadcrumb","itemListElement":[{"@type":"ListItem","position":1,"name":"Home","item":"https:\/\/aton.com\/es\/"},{"@type":"ListItem","position":2,"name":"Contacto"}]},{"@type":"WebSite","@id":"https:\/\/aton.com\/#website","url":"https:\/\/aton.com\/","name":"Aton","description":"Accompagniamo la tua azienda verso la trasformazione digitale sostenibile","publisher":{"@id":"https:\/\/aton.com\/#organization"},"potentialAction":[{"@type":"SearchAction","target":{"@type":"EntryPoint","urlTemplate":"https:\/\/aton.com\/?s={search_term_string}"},"query-input":{"@type":"PropertyValueSpecification","valueRequired":true,"valueName":"search_term_string"}}],"inLanguage":"es"},{"@type":"Organization","@id":"https:\/\/aton.com\/#organization","name":"Aton S.p.A. Societ\u00e0 Benefit","url":"https:\/\/aton.com\/","logo":{"@type":"ImageObject","inLanguage":"es","@id":"https:\/\/aton.com\/#\/schema\/logo\/image\/","url":"https:\/\/aton.com\/wp-content\/uploads\/2022\/03\/aton_logo.png","contentUrl":"https:\/\/aton.com\/wp-content\/uploads\/2022\/03\/aton_logo.png","width":295,"height":171,"caption":"Aton S.p.A. Societ\u00e0 Benefit"},"image":{"@id":"https:\/\/aton.com\/#\/schema\/logo\/image\/"},"sameAs":["https:\/\/www.facebook.com\/aton.spa\/","https:\/\/www.linkedin.com\/company\/aton-s.p.a.","https:\/\/www.instagram.com\/atonspasocietabenefit\/"]}]}},"_links":{"self":[{"href":"https:\/\/aton.com\/es\/wp-json\/wp\/v2\/pages\/42293","targetHints":{"allow":["GET"]}}],"collection":[{"href":"https:\/\/aton.com\/es\/wp-json\/wp\/v2\/pages"}],"about":[{"href":"https:\/\/aton.com\/es\/wp-json\/wp\/v2\/types\/page"}],"author":[{"embeddable":true,"href":"https:\/\/aton.com\/es\/wp-json\/wp\/v2\/users\/2"}],"replies":[{"embeddable":true,"href":"https:\/\/aton.com\/es\/wp-json\/wp\/v2\/comments?post=42293"}],"version-history":[{"count":1,"href":"https:\/\/aton.com\/es\/wp-json\/wp\/v2\/pages\/42293\/revisions"}],"predecessor-version":[{"id":79660,"href":"https:\/\/aton.com\/es\/wp-json\/wp\/v2\/pages\/42293\/revisions\/79660"}],"wp:featuredmedia":[{"embeddable":true,"href":"https:\/\/aton.com\/es\/wp-json\/wp\/v2\/media\/43439"}],"wp:attachment":[{"href":"https:\/\/aton.com\/es\/wp-json\/wp\/v2\/media?parent=42293"}],"curies":[{"name":"wp","href":"https:\/\/api.w.org\/{rel}","templated":true}]}}