{"id":42287,"date":"2021-12-23T12:27:42","date_gmt":"2021-12-23T11:27:42","guid":{"rendered":"https:\/\/aton.com\/?page_id=42287"},"modified":"2023-06-08T17:38:30","modified_gmt":"2023-06-08T15:38:30","slug":"tecnologias-hardware-y-software","status":"publish","type":"page","link":"https:\/\/aton.com\/es\/soluciones\/tecnologias-hardware-y-software\/","title":{"rendered":"Tecnolog\u00edas Hardware y Software"},"content":{"rendered":"","protected":false},"excerpt":{"rendered":"<p>Hardware Selection e consulenza progetti di transizione digitale<\/p>\n","protected":false},"author":2,"featured_media":45874,"parent":42318,"menu_order":4,"comment_status":"closed","ping_status":"closed","template":"templates\/tpl-solutions-area.php","meta":{"_acf_changed":false},"class_list":["post-42287","page","type-page","status-publish","has-post-thumbnail","hentry"],"acf":[],"yoast_head":"<!-- This site is optimized with the Yoast SEO plugin v26.2 - https:\/\/yoast.com\/wordpress\/plugins\/seo\/ -->\n<title>Dispositivos m\u00f3viles, RFID, sistemas de caja, aplicaciones de software - Aton<\/title>\n<meta name=\"description\" content=\"Software est\u00e1ndar, personalizable, con una gran atenci\u00f3n a la usabilidad y un soporte de puesta en marcha e instalaci\u00f3n que hace que cada paso sea sencillo\" \/>\n<meta name=\"robots\" content=\"index, follow, max-snippet:-1, max-image-preview:large, max-video-preview:-1\" \/>\n<link rel=\"canonical\" href=\"https:\/\/aton.com\/es\/soluciones\/tecnologias-hardware-y-software\/\" \/>\n<meta property=\"og:locale\" content=\"es_ES\" \/>\n<meta property=\"og:type\" content=\"article\" \/>\n<meta property=\"og:title\" content=\"Dispositivos m\u00f3viles, RFID, sistemas de caja, aplicaciones de software - Aton\" \/>\n<meta property=\"og:description\" content=\"Software est\u00e1ndar, personalizable, con una gran atenci\u00f3n a la usabilidad y un soporte de puesta en marcha e instalaci\u00f3n que hace que cada paso sea sencillo\" \/>\n<meta property=\"og:url\" content=\"https:\/\/aton.com\/es\/soluciones\/tecnologias-hardware-y-software\/\" \/>\n<meta property=\"og:site_name\" content=\"Aton\" \/>\n<meta property=\"article:publisher\" content=\"https:\/\/www.facebook.com\/aton.spa\/\" \/>\n<meta property=\"article:modified_time\" content=\"2023-06-08T15:38:30+00:00\" \/>\n<meta property=\"og:image\" content=\"https:\/\/aton.com\/wp-content\/uploads\/2022\/08\/tecnologia.jpg\" \/>\n\t<meta property=\"og:image:width\" content=\"1800\" \/>\n\t<meta property=\"og:image:height\" content=\"1199\" \/>\n\t<meta property=\"og:image:type\" content=\"image\/jpeg\" \/>\n<meta name=\"twitter:card\" content=\"summary_large_image\" \/>\n<script type=\"application\/ld+json\" class=\"yoast-schema-graph\">{\"@context\":\"https:\/\/schema.org\",\"@graph\":[{\"@type\":\"WebPage\",\"@id\":\"https:\/\/aton.com\/es\/soluciones\/tecnologias-hardware-y-software\/\",\"url\":\"https:\/\/aton.com\/es\/soluciones\/tecnologias-hardware-y-software\/\",\"name\":\"Dispositivos m\u00f3viles, RFID, sistemas de caja, aplicaciones de software - Aton\",\"isPartOf\":{\"@id\":\"https:\/\/aton.com\/#website\"},\"primaryImageOfPage\":{\"@id\":\"https:\/\/aton.com\/es\/soluciones\/tecnologias-hardware-y-software\/#primaryimage\"},\"image\":{\"@id\":\"https:\/\/aton.com\/es\/soluciones\/tecnologias-hardware-y-software\/#primaryimage\"},\"thumbnailUrl\":\"https:\/\/aton.com\/wp-content\/uploads\/2022\/08\/tecnologia.jpg\",\"datePublished\":\"2021-12-23T11:27:42+00:00\",\"dateModified\":\"2023-06-08T15:38:30+00:00\",\"description\":\"Software est\u00e1ndar, personalizable, con una gran atenci\u00f3n a la usabilidad y un soporte de puesta en marcha e instalaci\u00f3n que hace que cada paso sea sencillo\",\"breadcrumb\":{\"@id\":\"https:\/\/aton.com\/es\/soluciones\/tecnologias-hardware-y-software\/#breadcrumb\"},\"inLanguage\":\"es\",\"potentialAction\":[{\"@type\":\"ReadAction\",\"target\":[\"https:\/\/aton.com\/es\/soluciones\/tecnologias-hardware-y-software\/\"]}]},{\"@type\":\"ImageObject\",\"inLanguage\":\"es\",\"@id\":\"https:\/\/aton.com\/es\/soluciones\/tecnologias-hardware-y-software\/#primaryimage\",\"url\":\"https:\/\/aton.com\/wp-content\/uploads\/2022\/08\/tecnologia.jpg\",\"contentUrl\":\"https:\/\/aton.com\/wp-content\/uploads\/2022\/08\/tecnologia.jpg\",\"width\":1800,\"height\":1199,\"caption\":\"software-hardware-technologies-img\"},{\"@type\":\"BreadcrumbList\",\"@id\":\"https:\/\/aton.com\/es\/soluciones\/tecnologias-hardware-y-software\/#breadcrumb\",\"itemListElement\":[{\"@type\":\"ListItem\",\"position\":1,\"name\":\"Home\",\"item\":\"https:\/\/aton.com\/es\/\"},{\"@type\":\"ListItem\",\"position\":2,\"name\":\"Soluciones\",\"item\":\"https:\/\/aton.com\/es\/soluciones\/\"},{\"@type\":\"ListItem\",\"position\":3,\"name\":\"Tecnolog\u00edas Hardware y Software\"}]},{\"@type\":\"WebSite\",\"@id\":\"https:\/\/aton.com\/#website\",\"url\":\"https:\/\/aton.com\/\",\"name\":\"Aton\",\"description\":\"Accompagniamo la tua azienda verso la trasformazione digitale sostenibile\",\"publisher\":{\"@id\":\"https:\/\/aton.com\/#organization\"},\"potentialAction\":[{\"@type\":\"SearchAction\",\"target\":{\"@type\":\"EntryPoint\",\"urlTemplate\":\"https:\/\/aton.com\/?s={search_term_string}\"},\"query-input\":{\"@type\":\"PropertyValueSpecification\",\"valueRequired\":true,\"valueName\":\"search_term_string\"}}],\"inLanguage\":\"es\"},{\"@type\":\"Organization\",\"@id\":\"https:\/\/aton.com\/#organization\",\"name\":\"Aton S.p.A. Societ\u00e0 Benefit\",\"url\":\"https:\/\/aton.com\/\",\"logo\":{\"@type\":\"ImageObject\",\"inLanguage\":\"es\",\"@id\":\"https:\/\/aton.com\/#\/schema\/logo\/image\/\",\"url\":\"https:\/\/aton.com\/wp-content\/uploads\/2022\/03\/aton_logo.png\",\"contentUrl\":\"https:\/\/aton.com\/wp-content\/uploads\/2022\/03\/aton_logo.png\",\"width\":295,\"height\":171,\"caption\":\"Aton S.p.A. Societ\u00e0 Benefit\"},\"image\":{\"@id\":\"https:\/\/aton.com\/#\/schema\/logo\/image\/\"},\"sameAs\":[\"https:\/\/www.facebook.com\/aton.spa\/\",\"https:\/\/www.linkedin.com\/company\/aton-s.p.a.\",\"https:\/\/www.instagram.com\/atonspasocietabenefit\/\"]}]}<\/script>\n<!-- \/ Yoast SEO plugin. -->","yoast_head_json":{"title":"Dispositivos m\u00f3viles, RFID, sistemas de caja, aplicaciones de software - Aton","description":"Software est\u00e1ndar, personalizable, con una gran atenci\u00f3n a la usabilidad y un soporte de puesta en marcha e instalaci\u00f3n que hace que cada paso sea sencillo","robots":{"index":"index","follow":"follow","max-snippet":"max-snippet:-1","max-image-preview":"max-image-preview:large","max-video-preview":"max-video-preview:-1"},"canonical":"https:\/\/aton.com\/es\/soluciones\/tecnologias-hardware-y-software\/","og_locale":"es_ES","og_type":"article","og_title":"Dispositivos m\u00f3viles, RFID, sistemas de caja, aplicaciones de software - Aton","og_description":"Software est\u00e1ndar, personalizable, con una gran atenci\u00f3n a la usabilidad y un soporte de puesta en marcha e instalaci\u00f3n que hace que cada paso sea sencillo","og_url":"https:\/\/aton.com\/es\/soluciones\/tecnologias-hardware-y-software\/","og_site_name":"Aton","article_publisher":"https:\/\/www.facebook.com\/aton.spa\/","article_modified_time":"2023-06-08T15:38:30+00:00","og_image":[{"width":1800,"height":1199,"url":"https:\/\/aton.com\/wp-content\/uploads\/2022\/08\/tecnologia.jpg","type":"image\/jpeg"}],"twitter_card":"summary_large_image","schema":{"@context":"https:\/\/schema.org","@graph":[{"@type":"WebPage","@id":"https:\/\/aton.com\/es\/soluciones\/tecnologias-hardware-y-software\/","url":"https:\/\/aton.com\/es\/soluciones\/tecnologias-hardware-y-software\/","name":"Dispositivos m\u00f3viles, RFID, sistemas de caja, aplicaciones de software - Aton","isPartOf":{"@id":"https:\/\/aton.com\/#website"},"primaryImageOfPage":{"@id":"https:\/\/aton.com\/es\/soluciones\/tecnologias-hardware-y-software\/#primaryimage"},"image":{"@id":"https:\/\/aton.com\/es\/soluciones\/tecnologias-hardware-y-software\/#primaryimage"},"thumbnailUrl":"https:\/\/aton.com\/wp-content\/uploads\/2022\/08\/tecnologia.jpg","datePublished":"2021-12-23T11:27:42+00:00","dateModified":"2023-06-08T15:38:30+00:00","description":"Software est\u00e1ndar, personalizable, con una gran atenci\u00f3n a la usabilidad y un soporte de puesta en marcha e instalaci\u00f3n que hace que cada paso sea sencillo","breadcrumb":{"@id":"https:\/\/aton.com\/es\/soluciones\/tecnologias-hardware-y-software\/#breadcrumb"},"inLanguage":"es","potentialAction":[{"@type":"ReadAction","target":["https:\/\/aton.com\/es\/soluciones\/tecnologias-hardware-y-software\/"]}]},{"@type":"ImageObject","inLanguage":"es","@id":"https:\/\/aton.com\/es\/soluciones\/tecnologias-hardware-y-software\/#primaryimage","url":"https:\/\/aton.com\/wp-content\/uploads\/2022\/08\/tecnologia.jpg","contentUrl":"https:\/\/aton.com\/wp-content\/uploads\/2022\/08\/tecnologia.jpg","width":1800,"height":1199,"caption":"software-hardware-technologies-img"},{"@type":"BreadcrumbList","@id":"https:\/\/aton.com\/es\/soluciones\/tecnologias-hardware-y-software\/#breadcrumb","itemListElement":[{"@type":"ListItem","position":1,"name":"Home","item":"https:\/\/aton.com\/es\/"},{"@type":"ListItem","position":2,"name":"Soluciones","item":"https:\/\/aton.com\/es\/soluciones\/"},{"@type":"ListItem","position":3,"name":"Tecnolog\u00edas Hardware y Software"}]},{"@type":"WebSite","@id":"https:\/\/aton.com\/#website","url":"https:\/\/aton.com\/","name":"Aton","description":"Accompagniamo la tua azienda verso la trasformazione digitale sostenibile","publisher":{"@id":"https:\/\/aton.com\/#organization"},"potentialAction":[{"@type":"SearchAction","target":{"@type":"EntryPoint","urlTemplate":"https:\/\/aton.com\/?s={search_term_string}"},"query-input":{"@type":"PropertyValueSpecification","valueRequired":true,"valueName":"search_term_string"}}],"inLanguage":"es"},{"@type":"Organization","@id":"https:\/\/aton.com\/#organization","name":"Aton S.p.A. Societ\u00e0 Benefit","url":"https:\/\/aton.com\/","logo":{"@type":"ImageObject","inLanguage":"es","@id":"https:\/\/aton.com\/#\/schema\/logo\/image\/","url":"https:\/\/aton.com\/wp-content\/uploads\/2022\/03\/aton_logo.png","contentUrl":"https:\/\/aton.com\/wp-content\/uploads\/2022\/03\/aton_logo.png","width":295,"height":171,"caption":"Aton S.p.A. Societ\u00e0 Benefit"},"image":{"@id":"https:\/\/aton.com\/#\/schema\/logo\/image\/"},"sameAs":["https:\/\/www.facebook.com\/aton.spa\/","https:\/\/www.linkedin.com\/company\/aton-s.p.a.","https:\/\/www.instagram.com\/atonspasocietabenefit\/"]}]}},"_links":{"self":[{"href":"https:\/\/aton.com\/es\/wp-json\/wp\/v2\/pages\/42287","targetHints":{"allow":["GET"]}}],"collection":[{"href":"https:\/\/aton.com\/es\/wp-json\/wp\/v2\/pages"}],"about":[{"href":"https:\/\/aton.com\/es\/wp-json\/wp\/v2\/types\/page"}],"author":[{"embeddable":true,"href":"https:\/\/aton.com\/es\/wp-json\/wp\/v2\/users\/2"}],"replies":[{"embeddable":true,"href":"https:\/\/aton.com\/es\/wp-json\/wp\/v2\/comments?post=42287"}],"version-history":[{"count":1,"href":"https:\/\/aton.com\/es\/wp-json\/wp\/v2\/pages\/42287\/revisions"}],"predecessor-version":[{"id":49387,"href":"https:\/\/aton.com\/es\/wp-json\/wp\/v2\/pages\/42287\/revisions\/49387"}],"up":[{"embeddable":true,"href":"https:\/\/aton.com\/es\/wp-json\/wp\/v2\/pages\/42318"}],"wp:featuredmedia":[{"embeddable":true,"href":"https:\/\/aton.com\/es\/wp-json\/wp\/v2\/media\/45874"}],"wp:attachment":[{"href":"https:\/\/aton.com\/es\/wp-json\/wp\/v2\/media?parent=42287"}],"curies":[{"name":"wp","href":"https:\/\/api.w.org\/{rel}","templated":true}]}}