{"id":42235,"date":"2022-02-04T10:25:25","date_gmt":"2022-02-04T09:25:25","guid":{"rendered":"https:\/\/aton.com\/?page_id=42235"},"modified":"2022-03-18T13:57:08","modified_gmt":"2022-03-18T12:57:08","slug":"privacy-policy-recruitment","status":"publish","type":"page","link":"https:\/\/aton.com\/es\/privacy-policy-recruitment\/","title":{"rendered":"Privacy Policy Recruitment"},"content":{"rendered":"<h5>1. Finalidad del tratamiento<\/h5>\n<p>Los datos personales que Ud. ha comunicado a la Sociedad (por ejemplo, mediante el env\u00edo de correo electr\u00f3nico o sitio Internet, o entrega en mano de su Curriculum Vitae) ser\u00e1n tratados como prev\u00e9 la normativa para las finalidades relacionadas y dirigidas a la valoraci\u00f3n de su candidatura a contrataci\u00f3n (como, por ejemplo, valoraci\u00f3n de datos personales, t\u00edtulos de estudio, conocimiento de idiomas extranjeros, precedentes experiencias profesionales, etc.).<\/p>\n<h5>2. Naturaleza de la concesi\u00f3n<\/h5>\n<p>La concesi\u00f3n de sus datos es facultattiva para Ud.; sin embargo, la negativa a proporcionar los datos solicitados har\u00e1 imposible la finalizaci\u00f3n de su solicitud de someter a valoraci\u00f3n su candidatura. La Sociedad informa, adem\u00e1s, de que la potencial comunicaci\u00f3n, o comunicaci\u00f3n err\u00f3nea, de una de las informaciones solicitadas, comportar\u00e1 la imposibilidad de realizar correctamente la actividad de selecci\u00f3n de su candidatura.<\/p>\n<h5>3. Modalidad del tratamiento<\/h5>\n<p>El tratamiento se realizar\u00e1 con el auxilio de sistemas inform\u00e1ticos y a cargo de personas espec\u00edficamente designadas. En algunos casos, el tratamiento se podr\u00e1 efectuar tambi\u00e9n en formato de papel, siempre por personas expresamente encargadas.<\/p>\n<h5>4. \u00c1mbito de comunicaci\u00f3n y difusi\u00f3n<\/h5>\n<p>Sus datos personales se podr\u00e1n comunicar en la Uni\u00f3n Europea a terceras partes, tales como sociedades controladas o que controlan la Sociedad y estudios de consultor\u00eda del trabajo para la Sociedad.<\/p>\n<h5>5. Tiempo de conservaci\u00f3n<\/h5>\n<p>La Sociedad conservar\u00e1 sus datos durante un tiempo m\u00e1ximo de 2 a\u00f1os, despu\u00e9s del cual se eliminar\u00e1n.<\/p>\n<h5>6. Derechos del interesado<\/h5>\n<p>De acuerdo con cuanto previsto por el art. 13, p\u00e1rrafo 2 del Reglamento, la Sociedad le informa de que tiene derecho a :<\/p>\n<ul>\n<li>solicitar al Titular del tratamiento el acceso a sus datos personales y a la rectificaci\u00f3n o eliminaci\u00f3n de los mismos o a la limitaci\u00f3n del tratamiento de los datos que le conciernen o a oponerse a su tratamiento; tiene adem\u00e1s derecho a la portabilidad de tales datos;<\/li>\n<li>presentar reclamaci\u00f3n a una autoridad de control.<\/li>\n<\/ul>\n<p>Ud. podr\u00e1 hacer valer los derechos anteriormente citados, aqu\u00e9llos de los art\u00edculos 15 y sucesivos del Reglamento, adem\u00e1s de los art\u00edculos 7 y sucesivos del Decreto y sucesivas modificaciones, dirigi\u00e9ndose al Titular del tratamiento de datos en la direcci\u00f3n anteriormente indicada.<\/p>\n","protected":false},"excerpt":{"rendered":"<p>1. Finalidad del tratamiento Los datos personales que Ud. ha comunicado a la Sociedad (por ejemplo, mediante el env\u00edo de correo electr\u00f3nico o sitio Internet, o entrega en mano de su Curriculum Vitae) ser\u00e1n tratados como prev\u00e9 la normativa para las finalidades relacionadas y dirigidas a la valoraci\u00f3n de su candidatura a contrataci\u00f3n (como, por [&hellip;]<\/p>\n","protected":false},"author":4,"featured_media":0,"parent":0,"menu_order":0,"comment_status":"closed","ping_status":"closed","template":"","meta":{"_acf_changed":false},"class_list":["post-42235","page","type-page","status-publish","hentry"],"acf":[],"yoast_head":"<!-- This site is optimized with the Yoast SEO plugin v26.2 - https:\/\/yoast.com\/wordpress\/plugins\/seo\/ -->\n<title>Privacy Policy Recruitment - Aton<\/title>\n<meta name=\"description\" content=\"1. Finalidad del tratamiento Los datos personales que Ud. ha comunicado a la Sociedad (por ejemplo, mediante el env\u00edo de correo electr\u00f3nico o sitio\" \/>\n<meta name=\"robots\" content=\"index, follow, max-snippet:-1, max-image-preview:large, max-video-preview:-1\" \/>\n<link rel=\"canonical\" href=\"https:\/\/aton.com\/es\/privacy-policy-recruitment\/\" \/>\n<meta property=\"og:locale\" content=\"es_ES\" \/>\n<meta property=\"og:type\" content=\"article\" \/>\n<meta property=\"og:title\" content=\"Privacy Policy Recruitment - Aton\" \/>\n<meta property=\"og:description\" content=\"1. Finalidad del tratamiento Los datos personales que Ud. ha comunicado a la Sociedad (por ejemplo, mediante el env\u00edo de correo electr\u00f3nico o sitio\" \/>\n<meta property=\"og:url\" content=\"https:\/\/aton.com\/es\/privacy-policy-recruitment\/\" \/>\n<meta property=\"og:site_name\" content=\"Aton\" \/>\n<meta property=\"article:publisher\" content=\"https:\/\/www.facebook.com\/aton.spa\/\" \/>\n<meta property=\"article:modified_time\" content=\"2022-03-18T12:57:08+00:00\" \/>\n<meta name=\"twitter:card\" content=\"summary_large_image\" \/>\n<meta name=\"twitter:label1\" content=\"Tiempo de lectura\" \/>\n\t<meta name=\"twitter:data1\" content=\"2 minutos\" \/>\n<script type=\"application\/ld+json\" class=\"yoast-schema-graph\">{\"@context\":\"https:\/\/schema.org\",\"@graph\":[{\"@type\":\"WebPage\",\"@id\":\"https:\/\/aton.com\/es\/privacy-policy-recruitment\/\",\"url\":\"https:\/\/aton.com\/es\/privacy-policy-recruitment\/\",\"name\":\"Privacy Policy Recruitment - Aton\",\"isPartOf\":{\"@id\":\"https:\/\/aton.com\/#website\"},\"datePublished\":\"2022-02-04T09:25:25+00:00\",\"dateModified\":\"2022-03-18T12:57:08+00:00\",\"description\":\"1. Finalidad del tratamiento Los datos personales que Ud. ha comunicado a la Sociedad (por ejemplo, mediante el env\u00edo de correo electr\u00f3nico o sitio\",\"breadcrumb\":{\"@id\":\"https:\/\/aton.com\/es\/privacy-policy-recruitment\/#breadcrumb\"},\"inLanguage\":\"es\",\"potentialAction\":[{\"@type\":\"ReadAction\",\"target\":[\"https:\/\/aton.com\/es\/privacy-policy-recruitment\/\"]}]},{\"@type\":\"BreadcrumbList\",\"@id\":\"https:\/\/aton.com\/es\/privacy-policy-recruitment\/#breadcrumb\",\"itemListElement\":[{\"@type\":\"ListItem\",\"position\":1,\"name\":\"Home\",\"item\":\"https:\/\/aton.com\/es\/\"},{\"@type\":\"ListItem\",\"position\":2,\"name\":\"Privacy Policy Recruitment\"}]},{\"@type\":\"WebSite\",\"@id\":\"https:\/\/aton.com\/#website\",\"url\":\"https:\/\/aton.com\/\",\"name\":\"Aton\",\"description\":\"Accompagniamo la tua azienda verso la trasformazione digitale sostenibile\",\"publisher\":{\"@id\":\"https:\/\/aton.com\/#organization\"},\"potentialAction\":[{\"@type\":\"SearchAction\",\"target\":{\"@type\":\"EntryPoint\",\"urlTemplate\":\"https:\/\/aton.com\/?s={search_term_string}\"},\"query-input\":{\"@type\":\"PropertyValueSpecification\",\"valueRequired\":true,\"valueName\":\"search_term_string\"}}],\"inLanguage\":\"es\"},{\"@type\":\"Organization\",\"@id\":\"https:\/\/aton.com\/#organization\",\"name\":\"Aton S.p.A. Societ\u00e0 Benefit\",\"url\":\"https:\/\/aton.com\/\",\"logo\":{\"@type\":\"ImageObject\",\"inLanguage\":\"es\",\"@id\":\"https:\/\/aton.com\/#\/schema\/logo\/image\/\",\"url\":\"https:\/\/aton.com\/wp-content\/uploads\/2022\/03\/aton_logo.png\",\"contentUrl\":\"https:\/\/aton.com\/wp-content\/uploads\/2022\/03\/aton_logo.png\",\"width\":295,\"height\":171,\"caption\":\"Aton S.p.A. Societ\u00e0 Benefit\"},\"image\":{\"@id\":\"https:\/\/aton.com\/#\/schema\/logo\/image\/\"},\"sameAs\":[\"https:\/\/www.facebook.com\/aton.spa\/\",\"https:\/\/www.linkedin.com\/company\/aton-s.p.a.\",\"https:\/\/www.instagram.com\/atonspasocietabenefit\/\"]}]}<\/script>\n<!-- \/ Yoast SEO plugin. -->","yoast_head_json":{"title":"Privacy Policy Recruitment - Aton","description":"1. Finalidad del tratamiento Los datos personales que Ud. ha comunicado a la Sociedad (por ejemplo, mediante el env\u00edo de correo electr\u00f3nico o sitio","robots":{"index":"index","follow":"follow","max-snippet":"max-snippet:-1","max-image-preview":"max-image-preview:large","max-video-preview":"max-video-preview:-1"},"canonical":"https:\/\/aton.com\/es\/privacy-policy-recruitment\/","og_locale":"es_ES","og_type":"article","og_title":"Privacy Policy Recruitment - Aton","og_description":"1. Finalidad del tratamiento Los datos personales que Ud. ha comunicado a la Sociedad (por ejemplo, mediante el env\u00edo de correo electr\u00f3nico o sitio","og_url":"https:\/\/aton.com\/es\/privacy-policy-recruitment\/","og_site_name":"Aton","article_publisher":"https:\/\/www.facebook.com\/aton.spa\/","article_modified_time":"2022-03-18T12:57:08+00:00","twitter_card":"summary_large_image","twitter_misc":{"Tiempo de lectura":"2 minutos"},"schema":{"@context":"https:\/\/schema.org","@graph":[{"@type":"WebPage","@id":"https:\/\/aton.com\/es\/privacy-policy-recruitment\/","url":"https:\/\/aton.com\/es\/privacy-policy-recruitment\/","name":"Privacy Policy Recruitment - Aton","isPartOf":{"@id":"https:\/\/aton.com\/#website"},"datePublished":"2022-02-04T09:25:25+00:00","dateModified":"2022-03-18T12:57:08+00:00","description":"1. Finalidad del tratamiento Los datos personales que Ud. ha comunicado a la Sociedad (por ejemplo, mediante el env\u00edo de correo electr\u00f3nico o sitio","breadcrumb":{"@id":"https:\/\/aton.com\/es\/privacy-policy-recruitment\/#breadcrumb"},"inLanguage":"es","potentialAction":[{"@type":"ReadAction","target":["https:\/\/aton.com\/es\/privacy-policy-recruitment\/"]}]},{"@type":"BreadcrumbList","@id":"https:\/\/aton.com\/es\/privacy-policy-recruitment\/#breadcrumb","itemListElement":[{"@type":"ListItem","position":1,"name":"Home","item":"https:\/\/aton.com\/es\/"},{"@type":"ListItem","position":2,"name":"Privacy Policy Recruitment"}]},{"@type":"WebSite","@id":"https:\/\/aton.com\/#website","url":"https:\/\/aton.com\/","name":"Aton","description":"Accompagniamo la tua azienda verso la trasformazione digitale sostenibile","publisher":{"@id":"https:\/\/aton.com\/#organization"},"potentialAction":[{"@type":"SearchAction","target":{"@type":"EntryPoint","urlTemplate":"https:\/\/aton.com\/?s={search_term_string}"},"query-input":{"@type":"PropertyValueSpecification","valueRequired":true,"valueName":"search_term_string"}}],"inLanguage":"es"},{"@type":"Organization","@id":"https:\/\/aton.com\/#organization","name":"Aton S.p.A. Societ\u00e0 Benefit","url":"https:\/\/aton.com\/","logo":{"@type":"ImageObject","inLanguage":"es","@id":"https:\/\/aton.com\/#\/schema\/logo\/image\/","url":"https:\/\/aton.com\/wp-content\/uploads\/2022\/03\/aton_logo.png","contentUrl":"https:\/\/aton.com\/wp-content\/uploads\/2022\/03\/aton_logo.png","width":295,"height":171,"caption":"Aton S.p.A. Societ\u00e0 Benefit"},"image":{"@id":"https:\/\/aton.com\/#\/schema\/logo\/image\/"},"sameAs":["https:\/\/www.facebook.com\/aton.spa\/","https:\/\/www.linkedin.com\/company\/aton-s.p.a.","https:\/\/www.instagram.com\/atonspasocietabenefit\/"]}]}},"_links":{"self":[{"href":"https:\/\/aton.com\/es\/wp-json\/wp\/v2\/pages\/42235","targetHints":{"allow":["GET"]}}],"collection":[{"href":"https:\/\/aton.com\/es\/wp-json\/wp\/v2\/pages"}],"about":[{"href":"https:\/\/aton.com\/es\/wp-json\/wp\/v2\/types\/page"}],"author":[{"embeddable":true,"href":"https:\/\/aton.com\/es\/wp-json\/wp\/v2\/users\/4"}],"replies":[{"embeddable":true,"href":"https:\/\/aton.com\/es\/wp-json\/wp\/v2\/comments?post=42235"}],"version-history":[{"count":1,"href":"https:\/\/aton.com\/es\/wp-json\/wp\/v2\/pages\/42235\/revisions"}],"predecessor-version":[{"id":44845,"href":"https:\/\/aton.com\/es\/wp-json\/wp\/v2\/pages\/42235\/revisions\/44845"}],"wp:attachment":[{"href":"https:\/\/aton.com\/es\/wp-json\/wp\/v2\/media?parent=42235"}],"curies":[{"name":"wp","href":"https:\/\/api.w.org\/{rel}","templated":true}]}}