{"id":42231,"date":"2021-08-25T11:49:07","date_gmt":"2021-08-25T09:49:07","guid":{"rendered":"https:\/\/aton.com\/?page_id=42231"},"modified":"2023-02-25T22:27:07","modified_gmt":"2023-02-25T21:27:07","slug":"manifiesto","status":"publish","type":"page","link":"https:\/\/aton.com\/es\/manifiesto\/","title":{"rendered":"Manifiesto"},"content":{"rendered":"<p><span class=\"TextRun SCXW2946566 BCX0\" lang=\"ES-ES\" xml:lang=\"ES-ES\" data-contrast=\"auto\"><span class=\"NormalTextRun SCXW2946566 BCX0\" data-ccp-charstyle=\"normaltextrun\" data-ccp-charstyle-defn=\"{&quot;ObjectId&quot;:&quot;00000000-0000-0000-0000-000000000000|0&quot;,&quot;ClassId&quot;:1073872969,&quot;Properties&quot;:[469775450,&quot;normaltextrun&quot;,201340122,&quot;1&quot;,134233614,&quot;true&quot;,469778129,&quot;normaltextrun&quot;,335572020,&quot;1&quot;,469778324,&quot;Default Paragraph Font&quot;]}\">Somos conscientes de nuestra<\/span><span class=\"NormalTextRun SCXW2946566 BCX0\" data-ccp-charstyle=\"normaltextrun\"> responsabili<\/span><span class=\"NormalTextRun SCXW2946566 BCX0\" data-ccp-charstyle=\"normaltextrun\">dad dentro del contexto en el que operamos y de las consecuencias tambi\u00e9n <\/span><span class=\"NormalTextRun SCXW2946566 BCX0\" data-ccp-charstyle=\"normaltextrun\">extra-econ<\/span><\/span><span class=\"TextRun SCXW2946566 BCX0\" lang=\"ES-ES\" xml:lang=\"ES-ES\" data-contrast=\"auto\"><span class=\"NormalTextRun SCXW2946566 BCX0\" data-ccp-charstyle=\"normaltextrun\">\u00f3micas legadas a <\/span><\/span><span class=\"TextRun SCXW2946566 BCX0\" lang=\"ES-ES\" xml:lang=\"ES-ES\" data-contrast=\"auto\"><span class=\"NormalTextRun SCXW2946566 BCX0\" data-ccp-charstyle=\"normaltextrun\">n<\/span><span class=\"NormalTextRun SCXW2946566 BCX0\" data-ccp-charstyle=\"normaltextrun\">ue<\/span><span class=\"NormalTextRun SCXW2946566 BCX0\" data-ccp-charstyle=\"normaltextrun\">str<\/span><span class=\"NormalTextRun SCXW2946566 BCX0\" data-ccp-charstyle=\"normaltextrun\">as<\/span><span class=\"NormalTextRun SCXW2946566 BCX0\" data-ccp-charstyle=\"normaltextrun\"> decision<\/span><span class=\"NormalTextRun SCXW2946566 BCX0\" data-ccp-charstyle=\"normaltextrun\">es de<\/span><span class=\"NormalTextRun SCXW2946566 BCX0\" data-ccp-charstyle=\"normaltextrun\"> governance. P<\/span><span class=\"NormalTextRun SCXW2946566 BCX0\" data-ccp-charstyle=\"normaltextrun\">o<\/span><span class=\"NormalTextRun SCXW2946566 BCX0\" data-ccp-charstyle=\"normaltextrun\">r est<\/span><span class=\"NormalTextRun SCXW2946566 BCX0\" data-ccp-charstyle=\"normaltextrun\">e<\/span><span class=\"NormalTextRun SCXW2946566 BCX0\" data-ccp-charstyle=\"normaltextrun\"> motivo <\/span><span class=\"NormalTextRun SCXW2946566 BCX0\" data-ccp-charstyle=\"normaltextrun\">nos comprometemos a <\/span><span class=\"NormalTextRun SCXW2946566 BCX0\" data-ccp-charstyle=\"normaltextrun\">mantener una dire<\/span><span class=\"NormalTextRun SCXW2946566 BCX0\" data-ccp-charstyle=\"normaltextrun\">ci\u00f3n de crecimiento<\/span><span class=\"NormalTextRun SCXW2946566 BCX0\" data-ccp-charstyle=\"normaltextrun\"> econ<\/span><\/span><span class=\"TextRun SCXW2946566 BCX0\" lang=\"ES-ES\" xml:lang=\"ES-ES\" data-contrast=\"auto\"><span class=\"NormalTextRun SCXW2946566 BCX0\" data-ccp-charstyle=\"normaltextrun\">\u00f3<\/span><\/span><span class=\"TextRun SCXW2946566 BCX0\" lang=\"ES-ES\" xml:lang=\"ES-ES\" data-contrast=\"auto\"><span class=\"NormalTextRun SCXW2946566 BCX0\" data-ccp-charstyle=\"normaltextrun\">mic<\/span><span class=\"NormalTextRun SCXW2946566 BCX0\" data-ccp-charstyle=\"normaltextrun\">o a largo plazo<\/span><span class=\"NormalTextRun SCXW2946566 BCX0\" data-ccp-charstyle=\"normaltextrun\">, orienta<\/span><span class=\"NormalTextRun SCXW2946566 BCX0\" data-ccp-charstyle=\"normaltextrun\">do<\/span><span class=\"NormalTextRun SCXW2946566 BCX0\" data-ccp-charstyle=\"normaltextrun\"> al <\/span><span class=\"NormalTextRun SCXW2946566 BCX0\" data-ccp-charstyle=\"normaltextrun\">r<\/span><span class=\"NormalTextRun SCXW2946566 BCX0\" data-ccp-charstyle=\"normaltextrun\">espeto del <\/span><span class=\"NormalTextRun SCXW2946566 BCX0\" data-ccp-charstyle=\"normaltextrun\">ambiente <\/span><span class=\"NormalTextRun SCXW2946566 BCX0\" data-ccp-charstyle=\"normaltextrun\">y de la sociedad que nos rodea<\/span><span class=\"NormalTextRun SCXW2946566 BCX0\" data-ccp-charstyle=\"normaltextrun\">, co<\/span><span class=\"NormalTextRun SCXW2946566 BCX0\" data-ccp-charstyle=\"normaltextrun\">mpartiendo con nuestros clientes y <\/span><span class=\"NormalTextRun SCXW2946566 BCX0\" data-ccp-charstyle=\"normaltextrun\">partner<\/span><span class=\"NormalTextRun SCXW2946566 BCX0\" data-ccp-charstyle=\"normaltextrun\">s<\/span><span class=\"NormalTextRun SCXW2946566 BCX0\" data-ccp-charstyle=\"normaltextrun\"> una visi<\/span><\/span><span class=\"TextRun SCXW2946566 BCX0\" lang=\"ES-ES\" xml:lang=\"ES-ES\" data-contrast=\"auto\"><span class=\"NormalTextRun SCXW2946566 BCX0\" data-ccp-charstyle=\"normaltextrun\">\u00f3n de em<\/span><\/span><span class=\"TextRun SCXW2946566 BCX0\" lang=\"ES-ES\" xml:lang=\"ES-ES\" data-contrast=\"auto\"><span class=\"NormalTextRun SCXW2946566 BCX0\" data-ccp-charstyle=\"normaltextrun\">presa sostenible.<\/span><span class=\"NormalTextRun SCXW2946566 BCX0\" data-ccp-charstyle=\"eop\" data-ccp-charstyle-defn=\"{&quot;ObjectId&quot;:&quot;00000000-0000-0000-0000-000000000000|0&quot;,&quot;ClassId&quot;:1073872969,&quot;Properties&quot;:[469775450,&quot;eop&quot;,201340122,&quot;1&quot;,134233614,&quot;true&quot;,469778129,&quot;eop&quot;,335572020,&quot;1&quot;,469778324,&quot;Default Paragraph Font&quot;]}\">\u202f<\/span><\/span><span class=\"EOP SCXW2946566 BCX0\" data-ccp-props=\"{&quot;134233117&quot;:false,&quot;134233118&quot;:false,&quot;201341983&quot;:0,&quot;335559738&quot;:0,&quot;335559739&quot;:0,&quot;335559740&quot;:360}\">\u00a0<\/span><\/p>\n","protected":false},"excerpt":{"rendered":"<p>Somos conscientes de nuestra responsabilidad dentro del contexto en el que operamos y de las consecuencias tambi\u00e9n extra-econ\u00f3micas legadas a nuestras decisiones de governance. Por este motivo nos comprometemos a mantener una direci\u00f3n de crecimiento econ\u00f3mico a largo plazo, orientado al respeto del ambiente y de la sociedad que nos rodea, compartiendo con nuestros clientes [&hellip;]<\/p>\n","protected":false},"author":2,"featured_media":46007,"parent":0,"menu_order":0,"comment_status":"closed","ping_status":"closed","template":"templates\/tpl-planet-1.php","meta":{"_acf_changed":false},"class_list":["post-42231","page","type-page","status-publish","has-post-thumbnail","hentry"],"acf":[],"yoast_head":"<!-- This site is optimized with the Yoast SEO plugin v26.2 - https:\/\/yoast.com\/wordpress\/plugins\/seo\/ -->\n<title>Para una evoluci\u00f3n digital sostenible - Aton<\/title>\n<meta name=\"description\" content=\"La sostenibilidad como la atenci\u00f3n al medio ambiente a trav\u00e9s del dise\u00f1o de soluciones y servicios que reducen la ineficiencia y los residuos\" \/>\n<meta name=\"robots\" content=\"index, follow, max-snippet:-1, max-image-preview:large, max-video-preview:-1\" \/>\n<link rel=\"canonical\" href=\"https:\/\/aton.com\/es\/manifiesto\/\" \/>\n<meta property=\"og:locale\" content=\"es_ES\" \/>\n<meta property=\"og:type\" content=\"article\" \/>\n<meta property=\"og:title\" content=\"Para una evoluci\u00f3n digital sostenible - Aton\" \/>\n<meta property=\"og:description\" content=\"La sostenibilidad como la atenci\u00f3n al medio ambiente a trav\u00e9s del dise\u00f1o de soluciones y servicios que reducen la ineficiencia y los residuos\" \/>\n<meta property=\"og:url\" content=\"https:\/\/aton.com\/es\/manifiesto\/\" \/>\n<meta property=\"og:site_name\" content=\"Aton\" \/>\n<meta property=\"article:publisher\" content=\"https:\/\/www.facebook.com\/aton.spa\/\" \/>\n<meta property=\"article:modified_time\" content=\"2023-02-25T21:27:07+00:00\" \/>\n<meta property=\"og:image\" content=\"https:\/\/aton.com\/wp-content\/uploads\/2022\/09\/Aton_On_Summer-11.jpg\" \/>\n\t<meta property=\"og:image:width\" content=\"1800\" \/>\n\t<meta property=\"og:image:height\" content=\"1200\" \/>\n\t<meta property=\"og:image:type\" content=\"image\/jpeg\" \/>\n<meta name=\"twitter:card\" content=\"summary_large_image\" \/>\n<meta name=\"twitter:label1\" content=\"Tiempo de lectura\" \/>\n\t<meta name=\"twitter:data1\" content=\"1 minuto\" \/>\n<script type=\"application\/ld+json\" class=\"yoast-schema-graph\">{\"@context\":\"https:\/\/schema.org\",\"@graph\":[{\"@type\":\"WebPage\",\"@id\":\"https:\/\/aton.com\/es\/manifiesto\/\",\"url\":\"https:\/\/aton.com\/es\/manifiesto\/\",\"name\":\"Para una evoluci\u00f3n digital sostenible - Aton\",\"isPartOf\":{\"@id\":\"https:\/\/aton.com\/#website\"},\"primaryImageOfPage\":{\"@id\":\"https:\/\/aton.com\/es\/manifiesto\/#primaryimage\"},\"image\":{\"@id\":\"https:\/\/aton.com\/es\/manifiesto\/#primaryimage\"},\"thumbnailUrl\":\"https:\/\/aton.com\/wp-content\/uploads\/2022\/09\/Aton_On_Summer-11.jpg\",\"datePublished\":\"2021-08-25T09:49:07+00:00\",\"dateModified\":\"2023-02-25T21:27:07+00:00\",\"description\":\"La sostenibilidad como la atenci\u00f3n al medio ambiente a trav\u00e9s del dise\u00f1o de soluciones y servicios que reducen la ineficiencia y los residuos\",\"breadcrumb\":{\"@id\":\"https:\/\/aton.com\/es\/manifiesto\/#breadcrumb\"},\"inLanguage\":\"es\",\"potentialAction\":[{\"@type\":\"ReadAction\",\"target\":[\"https:\/\/aton.com\/es\/manifiesto\/\"]}]},{\"@type\":\"ImageObject\",\"inLanguage\":\"es\",\"@id\":\"https:\/\/aton.com\/es\/manifiesto\/#primaryimage\",\"url\":\"https:\/\/aton.com\/wp-content\/uploads\/2022\/09\/Aton_On_Summer-11.jpg\",\"contentUrl\":\"https:\/\/aton.com\/wp-content\/uploads\/2022\/09\/Aton_On_Summer-11.jpg\",\"width\":1800,\"height\":1200,\"caption\":\"aton-manifiesto-banner-img\"},{\"@type\":\"BreadcrumbList\",\"@id\":\"https:\/\/aton.com\/es\/manifiesto\/#breadcrumb\",\"itemListElement\":[{\"@type\":\"ListItem\",\"position\":1,\"name\":\"Home\",\"item\":\"https:\/\/aton.com\/es\/\"},{\"@type\":\"ListItem\",\"position\":2,\"name\":\"Manifiesto\"}]},{\"@type\":\"WebSite\",\"@id\":\"https:\/\/aton.com\/#website\",\"url\":\"https:\/\/aton.com\/\",\"name\":\"Aton\",\"description\":\"Accompagniamo la tua azienda verso la trasformazione digitale sostenibile\",\"publisher\":{\"@id\":\"https:\/\/aton.com\/#organization\"},\"potentialAction\":[{\"@type\":\"SearchAction\",\"target\":{\"@type\":\"EntryPoint\",\"urlTemplate\":\"https:\/\/aton.com\/?s={search_term_string}\"},\"query-input\":{\"@type\":\"PropertyValueSpecification\",\"valueRequired\":true,\"valueName\":\"search_term_string\"}}],\"inLanguage\":\"es\"},{\"@type\":\"Organization\",\"@id\":\"https:\/\/aton.com\/#organization\",\"name\":\"Aton S.p.A. Societ\u00e0 Benefit\",\"url\":\"https:\/\/aton.com\/\",\"logo\":{\"@type\":\"ImageObject\",\"inLanguage\":\"es\",\"@id\":\"https:\/\/aton.com\/#\/schema\/logo\/image\/\",\"url\":\"https:\/\/aton.com\/wp-content\/uploads\/2022\/03\/aton_logo.png\",\"contentUrl\":\"https:\/\/aton.com\/wp-content\/uploads\/2022\/03\/aton_logo.png\",\"width\":295,\"height\":171,\"caption\":\"Aton S.p.A. Societ\u00e0 Benefit\"},\"image\":{\"@id\":\"https:\/\/aton.com\/#\/schema\/logo\/image\/\"},\"sameAs\":[\"https:\/\/www.facebook.com\/aton.spa\/\",\"https:\/\/www.linkedin.com\/company\/aton-s.p.a.\",\"https:\/\/www.instagram.com\/atonspasocietabenefit\/\"]}]}<\/script>\n<!-- \/ Yoast SEO plugin. -->","yoast_head_json":{"title":"Para una evoluci\u00f3n digital sostenible - Aton","description":"La sostenibilidad como la atenci\u00f3n al medio ambiente a trav\u00e9s del dise\u00f1o de soluciones y servicios que reducen la ineficiencia y los residuos","robots":{"index":"index","follow":"follow","max-snippet":"max-snippet:-1","max-image-preview":"max-image-preview:large","max-video-preview":"max-video-preview:-1"},"canonical":"https:\/\/aton.com\/es\/manifiesto\/","og_locale":"es_ES","og_type":"article","og_title":"Para una evoluci\u00f3n digital sostenible - Aton","og_description":"La sostenibilidad como la atenci\u00f3n al medio ambiente a trav\u00e9s del dise\u00f1o de soluciones y servicios que reducen la ineficiencia y los residuos","og_url":"https:\/\/aton.com\/es\/manifiesto\/","og_site_name":"Aton","article_publisher":"https:\/\/www.facebook.com\/aton.spa\/","article_modified_time":"2023-02-25T21:27:07+00:00","og_image":[{"width":1800,"height":1200,"url":"https:\/\/aton.com\/wp-content\/uploads\/2022\/09\/Aton_On_Summer-11.jpg","type":"image\/jpeg"}],"twitter_card":"summary_large_image","twitter_misc":{"Tiempo de lectura":"1 minuto"},"schema":{"@context":"https:\/\/schema.org","@graph":[{"@type":"WebPage","@id":"https:\/\/aton.com\/es\/manifiesto\/","url":"https:\/\/aton.com\/es\/manifiesto\/","name":"Para una evoluci\u00f3n digital sostenible - Aton","isPartOf":{"@id":"https:\/\/aton.com\/#website"},"primaryImageOfPage":{"@id":"https:\/\/aton.com\/es\/manifiesto\/#primaryimage"},"image":{"@id":"https:\/\/aton.com\/es\/manifiesto\/#primaryimage"},"thumbnailUrl":"https:\/\/aton.com\/wp-content\/uploads\/2022\/09\/Aton_On_Summer-11.jpg","datePublished":"2021-08-25T09:49:07+00:00","dateModified":"2023-02-25T21:27:07+00:00","description":"La sostenibilidad como la atenci\u00f3n al medio ambiente a trav\u00e9s del dise\u00f1o de soluciones y servicios que reducen la ineficiencia y los residuos","breadcrumb":{"@id":"https:\/\/aton.com\/es\/manifiesto\/#breadcrumb"},"inLanguage":"es","potentialAction":[{"@type":"ReadAction","target":["https:\/\/aton.com\/es\/manifiesto\/"]}]},{"@type":"ImageObject","inLanguage":"es","@id":"https:\/\/aton.com\/es\/manifiesto\/#primaryimage","url":"https:\/\/aton.com\/wp-content\/uploads\/2022\/09\/Aton_On_Summer-11.jpg","contentUrl":"https:\/\/aton.com\/wp-content\/uploads\/2022\/09\/Aton_On_Summer-11.jpg","width":1800,"height":1200,"caption":"aton-manifiesto-banner-img"},{"@type":"BreadcrumbList","@id":"https:\/\/aton.com\/es\/manifiesto\/#breadcrumb","itemListElement":[{"@type":"ListItem","position":1,"name":"Home","item":"https:\/\/aton.com\/es\/"},{"@type":"ListItem","position":2,"name":"Manifiesto"}]},{"@type":"WebSite","@id":"https:\/\/aton.com\/#website","url":"https:\/\/aton.com\/","name":"Aton","description":"Accompagniamo la tua azienda verso la trasformazione digitale sostenibile","publisher":{"@id":"https:\/\/aton.com\/#organization"},"potentialAction":[{"@type":"SearchAction","target":{"@type":"EntryPoint","urlTemplate":"https:\/\/aton.com\/?s={search_term_string}"},"query-input":{"@type":"PropertyValueSpecification","valueRequired":true,"valueName":"search_term_string"}}],"inLanguage":"es"},{"@type":"Organization","@id":"https:\/\/aton.com\/#organization","name":"Aton S.p.A. Societ\u00e0 Benefit","url":"https:\/\/aton.com\/","logo":{"@type":"ImageObject","inLanguage":"es","@id":"https:\/\/aton.com\/#\/schema\/logo\/image\/","url":"https:\/\/aton.com\/wp-content\/uploads\/2022\/03\/aton_logo.png","contentUrl":"https:\/\/aton.com\/wp-content\/uploads\/2022\/03\/aton_logo.png","width":295,"height":171,"caption":"Aton S.p.A. Societ\u00e0 Benefit"},"image":{"@id":"https:\/\/aton.com\/#\/schema\/logo\/image\/"},"sameAs":["https:\/\/www.facebook.com\/aton.spa\/","https:\/\/www.linkedin.com\/company\/aton-s.p.a.","https:\/\/www.instagram.com\/atonspasocietabenefit\/"]}]}},"_links":{"self":[{"href":"https:\/\/aton.com\/es\/wp-json\/wp\/v2\/pages\/42231","targetHints":{"allow":["GET"]}}],"collection":[{"href":"https:\/\/aton.com\/es\/wp-json\/wp\/v2\/pages"}],"about":[{"href":"https:\/\/aton.com\/es\/wp-json\/wp\/v2\/types\/page"}],"author":[{"embeddable":true,"href":"https:\/\/aton.com\/es\/wp-json\/wp\/v2\/users\/2"}],"replies":[{"embeddable":true,"href":"https:\/\/aton.com\/es\/wp-json\/wp\/v2\/comments?post=42231"}],"version-history":[{"count":2,"href":"https:\/\/aton.com\/es\/wp-json\/wp\/v2\/pages\/42231\/revisions"}],"predecessor-version":[{"id":46972,"href":"https:\/\/aton.com\/es\/wp-json\/wp\/v2\/pages\/42231\/revisions\/46972"}],"wp:featuredmedia":[{"embeddable":true,"href":"https:\/\/aton.com\/es\/wp-json\/wp\/v2\/media\/46007"}],"wp:attachment":[{"href":"https:\/\/aton.com\/es\/wp-json\/wp\/v2\/media?parent=42231"}],"curies":[{"name":"wp","href":"https:\/\/api.w.org\/{rel}","templated":true}]}}