{"id":42200,"date":"2021-08-19T17:55:35","date_gmt":"2021-08-19T15:55:35","guid":{"rendered":"https:\/\/aton.com\/?page_id=42200"},"modified":"2026-03-17T12:57:37","modified_gmt":"2026-03-17T11:57:37","slug":"home","status":"publish","type":"page","link":"https:\/\/aton.com\/es\/","title":{"rendered":"Home"},"content":{"rendered":"","protected":false},"excerpt":{"rendered":"","protected":false},"author":2,"featured_media":46000,"parent":0,"menu_order":0,"comment_status":"closed","ping_status":"closed","template":"templates\/tpl-home.php","meta":{"_acf_changed":false},"class_list":["post-42200","page","type-page","status-publish","has-post-thumbnail","hentry"],"acf":[],"yoast_head":"<!-- This site is optimized with the Yoast SEO plugin v26.2 - https:\/\/yoast.com\/wordpress\/plugins\/seo\/ -->\n<title>Aton - Acompa\u00f1amos a tu empresa hacia una transformaci\u00f3n digital sostenible<\/title>\n<meta name=\"description\" content=\"Soluciones inform\u00e1ticas m\u00f3viles para ventas, preparaci\u00f3n de pedidos con tabletas y smartphones, m\u00e1quina a m\u00e1quina, IOT y RFID\" \/>\n<meta name=\"robots\" content=\"index, follow, max-snippet:-1, max-image-preview:large, max-video-preview:-1\" \/>\n<link rel=\"canonical\" href=\"https:\/\/aton.com\/es\/\" \/>\n<meta property=\"og:locale\" content=\"es_ES\" \/>\n<meta property=\"og:type\" content=\"article\" \/>\n<meta property=\"og:title\" content=\"Aton - Acompa\u00f1amos a tu empresa hacia una transformaci\u00f3n digital sostenible\" \/>\n<meta property=\"og:description\" content=\"Soluciones inform\u00e1ticas m\u00f3viles para ventas, preparaci\u00f3n de pedidos con tabletas y smartphones, m\u00e1quina a m\u00e1quina, IOT y RFID\" \/>\n<meta property=\"og:url\" content=\"https:\/\/aton.com\/es\/\" \/>\n<meta property=\"og:site_name\" content=\"Aton\" \/>\n<meta property=\"article:publisher\" content=\"https:\/\/www.facebook.com\/aton.spa\/\" \/>\n<meta property=\"article:modified_time\" content=\"2026-03-17T11:57:37+00:00\" \/>\n<meta property=\"og:image\" content=\"https:\/\/aton.com\/wp-content\/uploads\/2022\/09\/Aton_On_Summer-41.jpg\" \/>\n\t<meta property=\"og:image:width\" content=\"1800\" \/>\n\t<meta property=\"og:image:height\" content=\"1013\" \/>\n\t<meta property=\"og:image:type\" content=\"image\/jpeg\" \/>\n<meta name=\"twitter:card\" content=\"summary_large_image\" \/>\n<script type=\"application\/ld+json\" class=\"yoast-schema-graph\">{\"@context\":\"https:\/\/schema.org\",\"@graph\":[{\"@type\":\"WebPage\",\"@id\":\"https:\/\/aton.com\/es\/\",\"url\":\"https:\/\/aton.com\/es\/\",\"name\":\"Aton - Acompa\u00f1amos a tu empresa hacia una transformaci\u00f3n digital sostenible\",\"isPartOf\":{\"@id\":\"https:\/\/aton.com\/#website\"},\"primaryImageOfPage\":{\"@id\":\"https:\/\/aton.com\/es\/#primaryimage\"},\"image\":{\"@id\":\"https:\/\/aton.com\/es\/#primaryimage\"},\"thumbnailUrl\":\"https:\/\/aton.com\/wp-content\/uploads\/2022\/09\/Aton_On_Summer-41.jpg\",\"datePublished\":\"2021-08-19T15:55:35+00:00\",\"dateModified\":\"2026-03-17T11:57:37+00:00\",\"description\":\"Soluciones inform\u00e1ticas m\u00f3viles para ventas, preparaci\u00f3n de pedidos con tabletas y smartphones, m\u00e1quina a m\u00e1quina, IOT y RFID\",\"breadcrumb\":{\"@id\":\"https:\/\/aton.com\/es\/#breadcrumb\"},\"inLanguage\":\"es\",\"potentialAction\":[{\"@type\":\"ReadAction\",\"target\":[\"https:\/\/aton.com\/es\/\"]}]},{\"@type\":\"ImageObject\",\"inLanguage\":\"es\",\"@id\":\"https:\/\/aton.com\/es\/#primaryimage\",\"url\":\"https:\/\/aton.com\/wp-content\/uploads\/2022\/09\/Aton_On_Summer-41.jpg\",\"contentUrl\":\"https:\/\/aton.com\/wp-content\/uploads\/2022\/09\/Aton_On_Summer-41.jpg\",\"width\":1800,\"height\":1013,\"caption\":\"aton-sustainable-digital-solutions-homepage-img\"},{\"@type\":\"BreadcrumbList\",\"@id\":\"https:\/\/aton.com\/es\/#breadcrumb\",\"itemListElement\":[{\"@type\":\"ListItem\",\"position\":1,\"name\":\"Home\",\"item\":\"https:\/\/aton.com\/es\/\"},{\"@type\":\"ListItem\",\"position\":2,\"name\":\"Home\"}]},{\"@type\":\"WebSite\",\"@id\":\"https:\/\/aton.com\/#website\",\"url\":\"https:\/\/aton.com\/\",\"name\":\"Aton\",\"description\":\"Accompagniamo la tua azienda verso la trasformazione digitale sostenibile\",\"publisher\":{\"@id\":\"https:\/\/aton.com\/#organization\"},\"potentialAction\":[{\"@type\":\"SearchAction\",\"target\":{\"@type\":\"EntryPoint\",\"urlTemplate\":\"https:\/\/aton.com\/?s={search_term_string}\"},\"query-input\":{\"@type\":\"PropertyValueSpecification\",\"valueRequired\":true,\"valueName\":\"search_term_string\"}}],\"inLanguage\":\"es\"},{\"@type\":\"Organization\",\"@id\":\"https:\/\/aton.com\/#organization\",\"name\":\"Aton S.p.A. Societ\u00e0 Benefit\",\"url\":\"https:\/\/aton.com\/\",\"logo\":{\"@type\":\"ImageObject\",\"inLanguage\":\"es\",\"@id\":\"https:\/\/aton.com\/#\/schema\/logo\/image\/\",\"url\":\"https:\/\/aton.com\/wp-content\/uploads\/2022\/03\/aton_logo.png\",\"contentUrl\":\"https:\/\/aton.com\/wp-content\/uploads\/2022\/03\/aton_logo.png\",\"width\":295,\"height\":171,\"caption\":\"Aton S.p.A. Societ\u00e0 Benefit\"},\"image\":{\"@id\":\"https:\/\/aton.com\/#\/schema\/logo\/image\/\"},\"sameAs\":[\"https:\/\/www.facebook.com\/aton.spa\/\",\"https:\/\/www.linkedin.com\/company\/aton-s.p.a.\",\"https:\/\/www.instagram.com\/atonspasocietabenefit\/\"]}]}<\/script>\n<!-- \/ Yoast SEO plugin. -->","yoast_head_json":{"title":"Aton - Acompa\u00f1amos a tu empresa hacia una transformaci\u00f3n digital sostenible","description":"Soluciones inform\u00e1ticas m\u00f3viles para ventas, preparaci\u00f3n de pedidos con tabletas y smartphones, m\u00e1quina a m\u00e1quina, IOT y RFID","robots":{"index":"index","follow":"follow","max-snippet":"max-snippet:-1","max-image-preview":"max-image-preview:large","max-video-preview":"max-video-preview:-1"},"canonical":"https:\/\/aton.com\/es\/","og_locale":"es_ES","og_type":"article","og_title":"Aton - Acompa\u00f1amos a tu empresa hacia una transformaci\u00f3n digital sostenible","og_description":"Soluciones inform\u00e1ticas m\u00f3viles para ventas, preparaci\u00f3n de pedidos con tabletas y smartphones, m\u00e1quina a m\u00e1quina, IOT y RFID","og_url":"https:\/\/aton.com\/es\/","og_site_name":"Aton","article_publisher":"https:\/\/www.facebook.com\/aton.spa\/","article_modified_time":"2026-03-17T11:57:37+00:00","og_image":[{"width":1800,"height":1013,"url":"https:\/\/aton.com\/wp-content\/uploads\/2022\/09\/Aton_On_Summer-41.jpg","type":"image\/jpeg"}],"twitter_card":"summary_large_image","schema":{"@context":"https:\/\/schema.org","@graph":[{"@type":"WebPage","@id":"https:\/\/aton.com\/es\/","url":"https:\/\/aton.com\/es\/","name":"Aton - Acompa\u00f1amos a tu empresa hacia una transformaci\u00f3n digital sostenible","isPartOf":{"@id":"https:\/\/aton.com\/#website"},"primaryImageOfPage":{"@id":"https:\/\/aton.com\/es\/#primaryimage"},"image":{"@id":"https:\/\/aton.com\/es\/#primaryimage"},"thumbnailUrl":"https:\/\/aton.com\/wp-content\/uploads\/2022\/09\/Aton_On_Summer-41.jpg","datePublished":"2021-08-19T15:55:35+00:00","dateModified":"2026-03-17T11:57:37+00:00","description":"Soluciones inform\u00e1ticas m\u00f3viles para ventas, preparaci\u00f3n de pedidos con tabletas y smartphones, m\u00e1quina a m\u00e1quina, IOT y RFID","breadcrumb":{"@id":"https:\/\/aton.com\/es\/#breadcrumb"},"inLanguage":"es","potentialAction":[{"@type":"ReadAction","target":["https:\/\/aton.com\/es\/"]}]},{"@type":"ImageObject","inLanguage":"es","@id":"https:\/\/aton.com\/es\/#primaryimage","url":"https:\/\/aton.com\/wp-content\/uploads\/2022\/09\/Aton_On_Summer-41.jpg","contentUrl":"https:\/\/aton.com\/wp-content\/uploads\/2022\/09\/Aton_On_Summer-41.jpg","width":1800,"height":1013,"caption":"aton-sustainable-digital-solutions-homepage-img"},{"@type":"BreadcrumbList","@id":"https:\/\/aton.com\/es\/#breadcrumb","itemListElement":[{"@type":"ListItem","position":1,"name":"Home","item":"https:\/\/aton.com\/es\/"},{"@type":"ListItem","position":2,"name":"Home"}]},{"@type":"WebSite","@id":"https:\/\/aton.com\/#website","url":"https:\/\/aton.com\/","name":"Aton","description":"Accompagniamo la tua azienda verso la trasformazione digitale sostenibile","publisher":{"@id":"https:\/\/aton.com\/#organization"},"potentialAction":[{"@type":"SearchAction","target":{"@type":"EntryPoint","urlTemplate":"https:\/\/aton.com\/?s={search_term_string}"},"query-input":{"@type":"PropertyValueSpecification","valueRequired":true,"valueName":"search_term_string"}}],"inLanguage":"es"},{"@type":"Organization","@id":"https:\/\/aton.com\/#organization","name":"Aton S.p.A. Societ\u00e0 Benefit","url":"https:\/\/aton.com\/","logo":{"@type":"ImageObject","inLanguage":"es","@id":"https:\/\/aton.com\/#\/schema\/logo\/image\/","url":"https:\/\/aton.com\/wp-content\/uploads\/2022\/03\/aton_logo.png","contentUrl":"https:\/\/aton.com\/wp-content\/uploads\/2022\/03\/aton_logo.png","width":295,"height":171,"caption":"Aton S.p.A. Societ\u00e0 Benefit"},"image":{"@id":"https:\/\/aton.com\/#\/schema\/logo\/image\/"},"sameAs":["https:\/\/www.facebook.com\/aton.spa\/","https:\/\/www.linkedin.com\/company\/aton-s.p.a.","https:\/\/www.instagram.com\/atonspasocietabenefit\/"]}]}},"_links":{"self":[{"href":"https:\/\/aton.com\/es\/wp-json\/wp\/v2\/pages\/42200","targetHints":{"allow":["GET"]}}],"collection":[{"href":"https:\/\/aton.com\/es\/wp-json\/wp\/v2\/pages"}],"about":[{"href":"https:\/\/aton.com\/es\/wp-json\/wp\/v2\/types\/page"}],"author":[{"embeddable":true,"href":"https:\/\/aton.com\/es\/wp-json\/wp\/v2\/users\/2"}],"replies":[{"embeddable":true,"href":"https:\/\/aton.com\/es\/wp-json\/wp\/v2\/comments?post=42200"}],"version-history":[{"count":1,"href":"https:\/\/aton.com\/es\/wp-json\/wp\/v2\/pages\/42200\/revisions"}],"predecessor-version":[{"id":79658,"href":"https:\/\/aton.com\/es\/wp-json\/wp\/v2\/pages\/42200\/revisions\/79658"}],"wp:featuredmedia":[{"embeddable":true,"href":"https:\/\/aton.com\/es\/wp-json\/wp\/v2\/media\/46000"}],"wp:attachment":[{"href":"https:\/\/aton.com\/es\/wp-json\/wp\/v2\/media?parent=42200"}],"curies":[{"name":"wp","href":"https:\/\/api.w.org\/{rel}","templated":true}]}}