{"id":42186,"date":"2022-02-01T14:29:54","date_gmt":"2022-02-01T13:29:54","guid":{"rendered":"https:\/\/aton.com\/?page_id=42186"},"modified":"2022-08-31T11:48:17","modified_gmt":"2022-08-31T09:48:17","slug":"alianzas","status":"publish","type":"page","link":"https:\/\/aton.com\/es\/alianzas\/","title":{"rendered":"Alianzas"},"content":{"rendered":"","protected":false},"excerpt":{"rendered":"","protected":false},"author":2,"featured_media":45955,"parent":0,"menu_order":0,"comment_status":"closed","ping_status":"closed","template":"templates\/tpl-partners.php","meta":{"_acf_changed":false},"class_list":["post-42186","page","type-page","status-publish","has-post-thumbnail","hentry"],"acf":[],"yoast_head":"<!-- This site is optimized with the Yoast SEO plugin v26.2 - https:\/\/yoast.com\/wordpress\/plugins\/seo\/ -->\n<title>Nuestra visi\u00f3n nos lleva a mirar m\u00e1s all\u00e1 de nuestras fronteras - Aton<\/title>\n<meta name=\"description\" content=\"Trabajamos con operadores italianos e internacionales, compartiendo el compromiso de hacer m\u00e1s eficiente y sostenible el negocio de nuestros clientes\" \/>\n<meta name=\"robots\" content=\"index, follow, max-snippet:-1, max-image-preview:large, max-video-preview:-1\" \/>\n<link rel=\"canonical\" href=\"https:\/\/aton.com\/es\/alianzas\/\" \/>\n<meta property=\"og:locale\" content=\"es_ES\" \/>\n<meta property=\"og:type\" content=\"article\" \/>\n<meta property=\"og:title\" content=\"Nuestra visi\u00f3n nos lleva a mirar m\u00e1s all\u00e1 de nuestras fronteras - Aton\" \/>\n<meta property=\"og:description\" content=\"Trabajamos con operadores italianos e internacionales, compartiendo el compromiso de hacer m\u00e1s eficiente y sostenible el negocio de nuestros clientes\" \/>\n<meta property=\"og:url\" content=\"https:\/\/aton.com\/es\/alianzas\/\" \/>\n<meta property=\"og:site_name\" content=\"Aton\" \/>\n<meta property=\"article:publisher\" content=\"https:\/\/www.facebook.com\/aton.spa\/\" \/>\n<meta property=\"article:modified_time\" content=\"2022-08-31T09:48:17+00:00\" \/>\n<meta property=\"og:image\" content=\"https:\/\/aton.com\/wp-content\/uploads\/2022\/08\/Alleanze.jpg\" \/>\n\t<meta property=\"og:image:width\" content=\"1800\" \/>\n\t<meta property=\"og:image:height\" content=\"1201\" \/>\n\t<meta property=\"og:image:type\" content=\"image\/jpeg\" \/>\n<meta name=\"twitter:card\" content=\"summary_large_image\" \/>\n<script type=\"application\/ld+json\" class=\"yoast-schema-graph\">{\"@context\":\"https:\/\/schema.org\",\"@graph\":[{\"@type\":\"WebPage\",\"@id\":\"https:\/\/aton.com\/es\/alianzas\/\",\"url\":\"https:\/\/aton.com\/es\/alianzas\/\",\"name\":\"Nuestra visi\u00f3n nos lleva a mirar m\u00e1s all\u00e1 de nuestras fronteras - Aton\",\"isPartOf\":{\"@id\":\"https:\/\/aton.com\/#website\"},\"primaryImageOfPage\":{\"@id\":\"https:\/\/aton.com\/es\/alianzas\/#primaryimage\"},\"image\":{\"@id\":\"https:\/\/aton.com\/es\/alianzas\/#primaryimage\"},\"thumbnailUrl\":\"https:\/\/aton.com\/wp-content\/uploads\/2022\/08\/Alleanze.jpg\",\"datePublished\":\"2022-02-01T13:29:54+00:00\",\"dateModified\":\"2022-08-31T09:48:17+00:00\",\"description\":\"Trabajamos con operadores italianos e internacionales, compartiendo el compromiso de hacer m\u00e1s eficiente y sostenible el negocio de nuestros clientes\",\"breadcrumb\":{\"@id\":\"https:\/\/aton.com\/es\/alianzas\/#breadcrumb\"},\"inLanguage\":\"es\",\"potentialAction\":[{\"@type\":\"ReadAction\",\"target\":[\"https:\/\/aton.com\/es\/alianzas\/\"]}]},{\"@type\":\"ImageObject\",\"inLanguage\":\"es\",\"@id\":\"https:\/\/aton.com\/es\/alianzas\/#primaryimage\",\"url\":\"https:\/\/aton.com\/wp-content\/uploads\/2022\/08\/Alleanze.jpg\",\"contentUrl\":\"https:\/\/aton.com\/wp-content\/uploads\/2022\/08\/Alleanze.jpg\",\"width\":1800,\"height\":1201,\"caption\":\"aton-Alianzas-banner-img\"},{\"@type\":\"BreadcrumbList\",\"@id\":\"https:\/\/aton.com\/es\/alianzas\/#breadcrumb\",\"itemListElement\":[{\"@type\":\"ListItem\",\"position\":1,\"name\":\"Home\",\"item\":\"https:\/\/aton.com\/es\/\"},{\"@type\":\"ListItem\",\"position\":2,\"name\":\"Alianzas\"}]},{\"@type\":\"WebSite\",\"@id\":\"https:\/\/aton.com\/#website\",\"url\":\"https:\/\/aton.com\/\",\"name\":\"Aton\",\"description\":\"Accompagniamo la tua azienda verso la trasformazione digitale sostenibile\",\"publisher\":{\"@id\":\"https:\/\/aton.com\/#organization\"},\"potentialAction\":[{\"@type\":\"SearchAction\",\"target\":{\"@type\":\"EntryPoint\",\"urlTemplate\":\"https:\/\/aton.com\/?s={search_term_string}\"},\"query-input\":{\"@type\":\"PropertyValueSpecification\",\"valueRequired\":true,\"valueName\":\"search_term_string\"}}],\"inLanguage\":\"es\"},{\"@type\":\"Organization\",\"@id\":\"https:\/\/aton.com\/#organization\",\"name\":\"Aton S.p.A. Societ\u00e0 Benefit\",\"url\":\"https:\/\/aton.com\/\",\"logo\":{\"@type\":\"ImageObject\",\"inLanguage\":\"es\",\"@id\":\"https:\/\/aton.com\/#\/schema\/logo\/image\/\",\"url\":\"https:\/\/aton.com\/wp-content\/uploads\/2022\/03\/aton_logo.png\",\"contentUrl\":\"https:\/\/aton.com\/wp-content\/uploads\/2022\/03\/aton_logo.png\",\"width\":295,\"height\":171,\"caption\":\"Aton S.p.A. Societ\u00e0 Benefit\"},\"image\":{\"@id\":\"https:\/\/aton.com\/#\/schema\/logo\/image\/\"},\"sameAs\":[\"https:\/\/www.facebook.com\/aton.spa\/\",\"https:\/\/www.linkedin.com\/company\/aton-s.p.a.\",\"https:\/\/www.instagram.com\/atonspasocietabenefit\/\"]}]}<\/script>\n<!-- \/ Yoast SEO plugin. -->","yoast_head_json":{"title":"Nuestra visi\u00f3n nos lleva a mirar m\u00e1s all\u00e1 de nuestras fronteras - Aton","description":"Trabajamos con operadores italianos e internacionales, compartiendo el compromiso de hacer m\u00e1s eficiente y sostenible el negocio de nuestros clientes","robots":{"index":"index","follow":"follow","max-snippet":"max-snippet:-1","max-image-preview":"max-image-preview:large","max-video-preview":"max-video-preview:-1"},"canonical":"https:\/\/aton.com\/es\/alianzas\/","og_locale":"es_ES","og_type":"article","og_title":"Nuestra visi\u00f3n nos lleva a mirar m\u00e1s all\u00e1 de nuestras fronteras - Aton","og_description":"Trabajamos con operadores italianos e internacionales, compartiendo el compromiso de hacer m\u00e1s eficiente y sostenible el negocio de nuestros clientes","og_url":"https:\/\/aton.com\/es\/alianzas\/","og_site_name":"Aton","article_publisher":"https:\/\/www.facebook.com\/aton.spa\/","article_modified_time":"2022-08-31T09:48:17+00:00","og_image":[{"width":1800,"height":1201,"url":"https:\/\/aton.com\/wp-content\/uploads\/2022\/08\/Alleanze.jpg","type":"image\/jpeg"}],"twitter_card":"summary_large_image","schema":{"@context":"https:\/\/schema.org","@graph":[{"@type":"WebPage","@id":"https:\/\/aton.com\/es\/alianzas\/","url":"https:\/\/aton.com\/es\/alianzas\/","name":"Nuestra visi\u00f3n nos lleva a mirar m\u00e1s all\u00e1 de nuestras fronteras - Aton","isPartOf":{"@id":"https:\/\/aton.com\/#website"},"primaryImageOfPage":{"@id":"https:\/\/aton.com\/es\/alianzas\/#primaryimage"},"image":{"@id":"https:\/\/aton.com\/es\/alianzas\/#primaryimage"},"thumbnailUrl":"https:\/\/aton.com\/wp-content\/uploads\/2022\/08\/Alleanze.jpg","datePublished":"2022-02-01T13:29:54+00:00","dateModified":"2022-08-31T09:48:17+00:00","description":"Trabajamos con operadores italianos e internacionales, compartiendo el compromiso de hacer m\u00e1s eficiente y sostenible el negocio de nuestros clientes","breadcrumb":{"@id":"https:\/\/aton.com\/es\/alianzas\/#breadcrumb"},"inLanguage":"es","potentialAction":[{"@type":"ReadAction","target":["https:\/\/aton.com\/es\/alianzas\/"]}]},{"@type":"ImageObject","inLanguage":"es","@id":"https:\/\/aton.com\/es\/alianzas\/#primaryimage","url":"https:\/\/aton.com\/wp-content\/uploads\/2022\/08\/Alleanze.jpg","contentUrl":"https:\/\/aton.com\/wp-content\/uploads\/2022\/08\/Alleanze.jpg","width":1800,"height":1201,"caption":"aton-Alianzas-banner-img"},{"@type":"BreadcrumbList","@id":"https:\/\/aton.com\/es\/alianzas\/#breadcrumb","itemListElement":[{"@type":"ListItem","position":1,"name":"Home","item":"https:\/\/aton.com\/es\/"},{"@type":"ListItem","position":2,"name":"Alianzas"}]},{"@type":"WebSite","@id":"https:\/\/aton.com\/#website","url":"https:\/\/aton.com\/","name":"Aton","description":"Accompagniamo la tua azienda verso la trasformazione digitale sostenibile","publisher":{"@id":"https:\/\/aton.com\/#organization"},"potentialAction":[{"@type":"SearchAction","target":{"@type":"EntryPoint","urlTemplate":"https:\/\/aton.com\/?s={search_term_string}"},"query-input":{"@type":"PropertyValueSpecification","valueRequired":true,"valueName":"search_term_string"}}],"inLanguage":"es"},{"@type":"Organization","@id":"https:\/\/aton.com\/#organization","name":"Aton S.p.A. Societ\u00e0 Benefit","url":"https:\/\/aton.com\/","logo":{"@type":"ImageObject","inLanguage":"es","@id":"https:\/\/aton.com\/#\/schema\/logo\/image\/","url":"https:\/\/aton.com\/wp-content\/uploads\/2022\/03\/aton_logo.png","contentUrl":"https:\/\/aton.com\/wp-content\/uploads\/2022\/03\/aton_logo.png","width":295,"height":171,"caption":"Aton S.p.A. Societ\u00e0 Benefit"},"image":{"@id":"https:\/\/aton.com\/#\/schema\/logo\/image\/"},"sameAs":["https:\/\/www.facebook.com\/aton.spa\/","https:\/\/www.linkedin.com\/company\/aton-s.p.a.","https:\/\/www.instagram.com\/atonspasocietabenefit\/"]}]}},"_links":{"self":[{"href":"https:\/\/aton.com\/es\/wp-json\/wp\/v2\/pages\/42186","targetHints":{"allow":["GET"]}}],"collection":[{"href":"https:\/\/aton.com\/es\/wp-json\/wp\/v2\/pages"}],"about":[{"href":"https:\/\/aton.com\/es\/wp-json\/wp\/v2\/types\/page"}],"author":[{"embeddable":true,"href":"https:\/\/aton.com\/es\/wp-json\/wp\/v2\/users\/2"}],"replies":[{"embeddable":true,"href":"https:\/\/aton.com\/es\/wp-json\/wp\/v2\/comments?post=42186"}],"version-history":[{"count":2,"href":"https:\/\/aton.com\/es\/wp-json\/wp\/v2\/pages\/42186\/revisions"}],"predecessor-version":[{"id":45959,"href":"https:\/\/aton.com\/es\/wp-json\/wp\/v2\/pages\/42186\/revisions\/45959"}],"wp:featuredmedia":[{"embeddable":true,"href":"https:\/\/aton.com\/es\/wp-json\/wp\/v2\/media\/45955"}],"wp:attachment":[{"href":"https:\/\/aton.com\/es\/wp-json\/wp\/v2\/media?parent=42186"}],"curies":[{"name":"wp","href":"https:\/\/api.w.org\/{rel}","templated":true}]}}