{"id":42164,"date":"2022-02-03T12:17:23","date_gmt":"2022-02-03T11:17:23","guid":{"rendered":"https:\/\/aton.com\/?page_id=42164"},"modified":"2026-03-17T09:57:24","modified_gmt":"2026-03-17T08:57:24","slug":"politica-de-privacidad","status":"publish","type":"page","link":"https:\/\/aton.com\/es\/politica-de-privacidad\/","title":{"rendered":"Pol\u00edtica de Privacidad"},"content":{"rendered":"<h5><span style=\"color: #000000;\">1. Finalidad del tratamiento<\/span><\/h5>\n<div>\n<p><span data-contrast=\"auto\">Tus datos personales, que no son \u00abespeciales\u00bb seg\u00fan la definici\u00f3n del art. 9 del GDPR, proporcionados a trav\u00e9s del sitio web www.aton.com u otros sitios web del Responsable, como energy.aton.com (\u00abSitios\u00bb), mediante la cumplimentaci\u00f3n del formulario de contacto, enviados por correo electr\u00f3nico o comunicados de otra manera durante la navegaci\u00f3n por los Sitios o posteriormente, o que hemos adquirido de otro modo en tu presencia, ser\u00e1n tratados por el Responsable \u00fanicamente con las siguientes finalidades:<\/span><span data-ccp-props=\"{&quot;335551550&quot;:6,&quot;335551620&quot;:6,&quot;335559739&quot;:120}\">\u00a0<\/span><\/p>\n<ul>\n<li><span data-contrast=\"auto\">Para proporcionarte la informaci\u00f3n solicitada sobre productos y servicios, ofrecerte servicios de actualizaci\u00f3n sobre nuevas tecnolog\u00edas, soluciones y servicios inform\u00e1ticos especializados por sector a trav\u00e9s de webinars, descarga de e-books y White Papers, as\u00ed como para cumplir con obligaciones administrativas, fiscales y legales;<\/span><span data-ccp-props=\"{&quot;335551550&quot;:6,&quot;335551620&quot;:6,&quot;335559685&quot;:720,&quot;335559739&quot;:120}\">\u00a0<\/span><\/li>\n<li><span data-contrast=\"auto\">Para evaluar tu candidatura para un puesto de trabajo en Aton;<\/span><span data-ccp-props=\"{&quot;335551550&quot;:6,&quot;335551620&quot;:6,&quot;335559685&quot;:720,&quot;335559739&quot;:120}\">\u00a0<\/span><\/li>\n<li><span data-contrast=\"auto\">Con tu consentimiento espec\u00edfico y expreso, enviarte boletines informativos con actualizaciones sobre tendencias del sector, nuevas tecnolog\u00edas, soluciones y servicios IT especializados, a trav\u00e9s de correo electr\u00f3nico o WhatsApp.<\/span><span data-ccp-props=\"{&quot;335551550&quot;:6,&quot;335551620&quot;:6,&quot;335559685&quot;:720,&quot;335559739&quot;:120}\">\u00a0<\/span><\/li>\n<\/ul>\n<p><span data-contrast=\"auto\">Los datos personales recopilados no estar\u00e1n sujetos a ning\u00fan proceso de toma de decisiones automatizado, incluida la elaboraci\u00f3n de perfiles.<\/span><span data-ccp-props=\"{&quot;335551550&quot;:6,&quot;335551620&quot;:6,&quot;335559739&quot;:120}\">\u00a0<\/span><\/p>\n<\/div>\n<h5><span style=\"color: #000000;\">2. Base Jur\u00eddica del Tratamiento de Datos y Naturaleza de su Provisi\u00f3n<\/span><\/h5>\n<div>\n<p><span data-contrast=\"auto\">La base jur\u00eddica del tratamiento es la ejecuci\u00f3n de medidas precontractuales &#8211; art\u00edculo 1, puntos a) y b) &#8211; que, seg\u00fan el GDPR, no requiere tu consentimiento.<\/span><span data-ccp-props=\"{&quot;335551550&quot;:6,&quot;335551620&quot;:6,&quot;335559739&quot;:120}\">\u00a0<\/span><\/p>\n<p><span data-contrast=\"auto\">La provisi\u00f3n de datos para los fines indicados en el art\u00edculo 1, puntos a) y b), es obligatoria, y la falta de provisi\u00f3n impedir\u00e1 la tramitaci\u00f3n de tu solicitud.<\/span><span data-ccp-props=\"{&quot;335551550&quot;:6,&quot;335551620&quot;:6,&quot;335559739&quot;:120}\">\u00a0<\/span><\/p>\n<p><span data-contrast=\"auto\">La provisi\u00f3n de datos para los fines indicados en el art\u00edculo 1, punto c), es opcional.<\/span><span data-ccp-props=\"{&quot;335551550&quot;:6,&quot;335551620&quot;:6,&quot;335559739&quot;:120}\">\u00a0<\/span><\/p>\n<\/div>\n<h5><span style=\"color: #000000;\">3. M\u00e9todos de Tratamiento y Per\u00edodo de Conservaci\u00f3n de los Datos<\/span><\/h5>\n<div>\n<p><span data-contrast=\"auto\">El tratamiento se llevar\u00e1 a cabo con la ayuda de sistemas inform\u00e1ticos por parte de personal designado, cumpliendo con las medidas de seguridad prescritas por el Reglamento. En algunos casos, el tratamiento tambi\u00e9n podr\u00e1 realizarse en formato papel, siempre por parte de personal autorizado y en cumplimiento de la normativa vigente en materia de privacidad.<\/span><span data-ccp-props=\"{&quot;335551550&quot;:6,&quot;335551620&quot;:6,&quot;335559739&quot;:120}\">\u00a0<\/span><\/p>\n<p><span data-contrast=\"auto\">Los datos personales tratados para los fines mencionados en el art\u00edculo 1, puntos a) y b), ser\u00e1n conservados por Aton en calidad de Responsable durante dos a\u00f1os a partir de tu primer contacto con Aton. Los datos personales tratados para los fines mencionados en el art\u00edculo 1, punto b), ser\u00e1n conservados por un m\u00e1ximo de dos a\u00f1os.<\/span><span data-ccp-props=\"{&quot;335551550&quot;:6,&quot;335551620&quot;:6,&quot;335559739&quot;:120}\">\u00a0<\/span><\/p>\n<\/div>\n<h5><span style=\"color: #000000;\">4. \u00c1mbito de Comunicaci\u00f3n y Divulgaci\u00f3n<\/span><\/h5>\n<div>\n<p><span data-contrast=\"auto\">Tus datos personales, a excepci\u00f3n de los mencionados en el art\u00edculo 1, punto b) &#8211; datos relacionados con la candidatura para empleo &#8211; que podr\u00e1n comunicarse solo a posibles asesores laborales, podr\u00e1n ser comunicados a terceros, como empresas vinculadas, agentes de ventas (incluidos los de empresas vinculadas a Aton S.p.A. Societ\u00e0 Benefit), proveedores de plataformas para webinars (por ejemplo, StreamYard), proveedores de plataformas de redes sociales (por ejemplo, LinkedIn, Meta) o servicios de gesti\u00f3n de newsletters de terceros o herramientas de gesti\u00f3n de ventanas emergentes para la generaci\u00f3n de leads gestionadas por terceros (por ejemplo, Optin Monster), con el fin de proporcionarte los servicios solicitados (por ejemplo, descarga de e-books o White Papers) o proveedores de servicios inform\u00e1ticos que puedan tener acceso a los sitios web del Responsable o a sus Sistemas Inform\u00e1ticos para fines de mantenimiento o actualizaci\u00f3n de los Sitios o Sistemas Inform\u00e1ticos, as\u00ed como agencias externas de comunicaci\u00f3n.<\/span><span data-ccp-props=\"{&quot;335551550&quot;:6,&quot;335551620&quot;:6,&quot;335559739&quot;:120}\">\u00a0<\/span><\/p>\n<p><span data-contrast=\"auto\">Estos terceros ser\u00e1n designados como Encargados del Tratamiento conforme al art. 28 del GDPR o actuar\u00e1n como Responsables del Tratamiento independientes.<\/span><span data-ccp-props=\"{&quot;335551550&quot;:6,&quot;335551620&quot;:6,&quot;335559739&quot;:120}\">\u00a0<\/span><\/p>\n<\/div>\n<h5><span style=\"color: #000000;\">5. Transferencia de Datos a Organizaciones Internacionales y\/o Pa\u00edses fuera del Espacio Econ\u00f3mico Europeo (EEE)<\/span><\/h5>\n<div><span class=\"TextRun SCXW235241838 BCX0\" lang=\"ES-ES\" xml:lang=\"ES-ES\" data-contrast=\"auto\"><span class=\"NormalTextRun SCXW235241838 BCX0\">Se informa que los datos personales podr\u00edan ser transferidos a proveedores de servicios en la nube ubicados en <\/span><span class=\"NormalTextRun AdvancedProofingIssueV2Themed SCXW235241838 BCX0\">EE.UU.<\/span><span class=\"NormalTextRun SCXW235241838 BCX0\"> La transferencia se basa en una garant\u00eda adecuada constituida por la Decisi\u00f3n de Adecuaci\u00f3n del 7 de julio de 2023 de la Comisi\u00f3n de la UE en relaci\u00f3n con la normativa estadounidense sobre protecci\u00f3n de datos personales, modificada por el Marco de Privacidad de Datos Transatl\u00e1ntico UE-<\/span><span class=\"NormalTextRun AdvancedProofingIssueV2Themed SCXW235241838 BCX0\">EE.UU.<\/span><\/span><span class=\"EOP SCXW235241838 BCX0\" data-ccp-props=\"{&quot;335551550&quot;:6,&quot;335551620&quot;:6,&quot;335559739&quot;:120}\">\u00a0<\/span><\/div>\n<h5>6. Pol\u00edtica de cookies<\/h5>\n<div>La\u00a0<a href=\"https:\/\/aton.com\/es\/cookie-policy\/\" target=\"_blank\" rel=\"noopener\"><strong>Pol\u00edtica de Cookies<\/strong><\/a> y la Gesti\u00f3n de Cookies puede consultarse en la parte inferior de cada p\u00e1gina del sitio.<\/div>\n<h5>7. Tus Derechos<\/h5>\n<div>\n<p><span data-contrast=\"auto\">De conformidad con el art\u00edculo 13, p\u00e1rrafo 2 del Reglamento, el Responsable te informa que tienes derecho a:<\/span><span data-ccp-props=\"{&quot;335551550&quot;:6,&quot;335551620&quot;:6,&quot;335559739&quot;:120}\">\u00a0<\/span><\/p>\n<p><span data-contrast=\"auto\">Solicitar al Responsable el acceso a tus datos personales y la rectificaci\u00f3n o eliminaci\u00f3n de los mismos, la limitaci\u00f3n del tratamiento de los datos que te conciernen o a oponerte a su tratamiento; tambi\u00e9n tienes derecho a la portabilidad de los datos;<\/span><span data-ccp-props=\"{&quot;335551550&quot;:6,&quot;335551620&quot;:6,&quot;335559685&quot;:720,&quot;335559739&quot;:120}\">\u00a0<\/span><\/p>\n<p><span data-contrast=\"auto\">Presentar una queja ante una autoridad de control.<\/span><span data-ccp-props=\"{&quot;335551550&quot;:6,&quot;335551620&quot;:6,&quot;335559685&quot;:720,&quot;335559739&quot;:120}\">\u00a0<\/span><\/p>\n<p><span data-contrast=\"auto\">Puedes ejercer los derechos mencionados anteriormente, los establecidos en los art\u00edculos 15 y siguientes del Reglamento, as\u00ed como los previstos por la normativa, dirigi\u00e9ndote al Responsable del tratamiento de datos a la direcci\u00f3n de correo electr\u00f3nico privacy@aton.com.<\/span><span data-ccp-props=\"{&quot;335551550&quot;:6,&quot;335551620&quot;:6,&quot;335559739&quot;:120}\">\u00a0<\/span><\/p>\n<\/div>\n","protected":false},"excerpt":{"rendered":"<p>1. Finalidad del tratamiento Tus datos personales, que no son \u00abespeciales\u00bb seg\u00fan la definici\u00f3n del art. 9 del GDPR, proporcionados a trav\u00e9s del sitio web www.aton.com u otros sitios web del Responsable, como energy.aton.com (\u00abSitios\u00bb), mediante la cumplimentaci\u00f3n del formulario de contacto, enviados por correo electr\u00f3nico o comunicados de otra manera durante la navegaci\u00f3n por [&hellip;]<\/p>\n","protected":false},"author":4,"featured_media":0,"parent":0,"menu_order":40,"comment_status":"closed","ping_status":"closed","template":"","meta":{"_acf_changed":false},"class_list":["post-42164","page","type-page","status-publish","hentry"],"acf":[],"yoast_head":"<!-- This site is optimized with the Yoast SEO plugin v26.2 - https:\/\/yoast.com\/wordpress\/plugins\/seo\/ -->\n<title>Pol\u00edtica de Privacidad - Aton<\/title>\n<meta name=\"description\" content=\"1. Finalidad del tratamiento Tus datos personales, que no son &quot;especiales&quot; seg\u00fan la definici\u00f3n del art. 9 del GDPR, proporcionados a trav\u00e9s del sitio web\" \/>\n<meta name=\"robots\" content=\"index, follow, max-snippet:-1, max-image-preview:large, max-video-preview:-1\" \/>\n<link rel=\"canonical\" href=\"https:\/\/aton.com\/es\/politica-de-privacidad\/\" \/>\n<meta property=\"og:locale\" content=\"es_ES\" \/>\n<meta property=\"og:type\" content=\"article\" \/>\n<meta property=\"og:title\" content=\"Pol\u00edtica de Privacidad - Aton\" \/>\n<meta property=\"og:description\" content=\"1. Finalidad del tratamiento Tus datos personales, que no son &quot;especiales&quot; seg\u00fan la definici\u00f3n del art. 9 del GDPR, proporcionados a trav\u00e9s del sitio web\" \/>\n<meta property=\"og:url\" content=\"https:\/\/aton.com\/es\/politica-de-privacidad\/\" \/>\n<meta property=\"og:site_name\" content=\"Aton\" \/>\n<meta property=\"article:publisher\" content=\"https:\/\/www.facebook.com\/aton.spa\/\" \/>\n<meta property=\"article:modified_time\" content=\"2026-03-17T08:57:24+00:00\" \/>\n<meta name=\"twitter:card\" content=\"summary_large_image\" \/>\n<meta name=\"twitter:label1\" content=\"Tiempo de lectura\" \/>\n\t<meta name=\"twitter:data1\" content=\"4 minutos\" \/>\n<script type=\"application\/ld+json\" class=\"yoast-schema-graph\">{\"@context\":\"https:\/\/schema.org\",\"@graph\":[{\"@type\":\"WebPage\",\"@id\":\"https:\/\/aton.com\/es\/politica-de-privacidad\/\",\"url\":\"https:\/\/aton.com\/es\/politica-de-privacidad\/\",\"name\":\"Pol\u00edtica de Privacidad - Aton\",\"isPartOf\":{\"@id\":\"https:\/\/aton.com\/#website\"},\"datePublished\":\"2022-02-03T11:17:23+00:00\",\"dateModified\":\"2026-03-17T08:57:24+00:00\",\"description\":\"1. Finalidad del tratamiento Tus datos personales, que no son \\\"especiales\\\" seg\u00fan la definici\u00f3n del art. 9 del GDPR, proporcionados a trav\u00e9s del sitio web\",\"breadcrumb\":{\"@id\":\"https:\/\/aton.com\/es\/politica-de-privacidad\/#breadcrumb\"},\"inLanguage\":\"es\",\"potentialAction\":[{\"@type\":\"ReadAction\",\"target\":[\"https:\/\/aton.com\/es\/politica-de-privacidad\/\"]}]},{\"@type\":\"BreadcrumbList\",\"@id\":\"https:\/\/aton.com\/es\/politica-de-privacidad\/#breadcrumb\",\"itemListElement\":[{\"@type\":\"ListItem\",\"position\":1,\"name\":\"Home\",\"item\":\"https:\/\/aton.com\/es\/\"},{\"@type\":\"ListItem\",\"position\":2,\"name\":\"Pol\u00edtica de Privacidad\"}]},{\"@type\":\"WebSite\",\"@id\":\"https:\/\/aton.com\/#website\",\"url\":\"https:\/\/aton.com\/\",\"name\":\"Aton\",\"description\":\"Accompagniamo la tua azienda verso la trasformazione digitale sostenibile\",\"publisher\":{\"@id\":\"https:\/\/aton.com\/#organization\"},\"potentialAction\":[{\"@type\":\"SearchAction\",\"target\":{\"@type\":\"EntryPoint\",\"urlTemplate\":\"https:\/\/aton.com\/?s={search_term_string}\"},\"query-input\":{\"@type\":\"PropertyValueSpecification\",\"valueRequired\":true,\"valueName\":\"search_term_string\"}}],\"inLanguage\":\"es\"},{\"@type\":\"Organization\",\"@id\":\"https:\/\/aton.com\/#organization\",\"name\":\"Aton S.p.A. Societ\u00e0 Benefit\",\"url\":\"https:\/\/aton.com\/\",\"logo\":{\"@type\":\"ImageObject\",\"inLanguage\":\"es\",\"@id\":\"https:\/\/aton.com\/#\/schema\/logo\/image\/\",\"url\":\"https:\/\/aton.com\/wp-content\/uploads\/2022\/03\/aton_logo.png\",\"contentUrl\":\"https:\/\/aton.com\/wp-content\/uploads\/2022\/03\/aton_logo.png\",\"width\":295,\"height\":171,\"caption\":\"Aton S.p.A. Societ\u00e0 Benefit\"},\"image\":{\"@id\":\"https:\/\/aton.com\/#\/schema\/logo\/image\/\"},\"sameAs\":[\"https:\/\/www.facebook.com\/aton.spa\/\",\"https:\/\/www.linkedin.com\/company\/aton-s.p.a.\",\"https:\/\/www.instagram.com\/atonspasocietabenefit\/\"]}]}<\/script>\n<!-- \/ Yoast SEO plugin. -->","yoast_head_json":{"title":"Pol\u00edtica de Privacidad - Aton","description":"1. Finalidad del tratamiento Tus datos personales, que no son \"especiales\" seg\u00fan la definici\u00f3n del art. 9 del GDPR, proporcionados a trav\u00e9s del sitio web","robots":{"index":"index","follow":"follow","max-snippet":"max-snippet:-1","max-image-preview":"max-image-preview:large","max-video-preview":"max-video-preview:-1"},"canonical":"https:\/\/aton.com\/es\/politica-de-privacidad\/","og_locale":"es_ES","og_type":"article","og_title":"Pol\u00edtica de Privacidad - Aton","og_description":"1. Finalidad del tratamiento Tus datos personales, que no son \"especiales\" seg\u00fan la definici\u00f3n del art. 9 del GDPR, proporcionados a trav\u00e9s del sitio web","og_url":"https:\/\/aton.com\/es\/politica-de-privacidad\/","og_site_name":"Aton","article_publisher":"https:\/\/www.facebook.com\/aton.spa\/","article_modified_time":"2026-03-17T08:57:24+00:00","twitter_card":"summary_large_image","twitter_misc":{"Tiempo de lectura":"4 minutos"},"schema":{"@context":"https:\/\/schema.org","@graph":[{"@type":"WebPage","@id":"https:\/\/aton.com\/es\/politica-de-privacidad\/","url":"https:\/\/aton.com\/es\/politica-de-privacidad\/","name":"Pol\u00edtica de Privacidad - Aton","isPartOf":{"@id":"https:\/\/aton.com\/#website"},"datePublished":"2022-02-03T11:17:23+00:00","dateModified":"2026-03-17T08:57:24+00:00","description":"1. Finalidad del tratamiento Tus datos personales, que no son \"especiales\" seg\u00fan la definici\u00f3n del art. 9 del GDPR, proporcionados a trav\u00e9s del sitio web","breadcrumb":{"@id":"https:\/\/aton.com\/es\/politica-de-privacidad\/#breadcrumb"},"inLanguage":"es","potentialAction":[{"@type":"ReadAction","target":["https:\/\/aton.com\/es\/politica-de-privacidad\/"]}]},{"@type":"BreadcrumbList","@id":"https:\/\/aton.com\/es\/politica-de-privacidad\/#breadcrumb","itemListElement":[{"@type":"ListItem","position":1,"name":"Home","item":"https:\/\/aton.com\/es\/"},{"@type":"ListItem","position":2,"name":"Pol\u00edtica de Privacidad"}]},{"@type":"WebSite","@id":"https:\/\/aton.com\/#website","url":"https:\/\/aton.com\/","name":"Aton","description":"Accompagniamo la tua azienda verso la trasformazione digitale sostenibile","publisher":{"@id":"https:\/\/aton.com\/#organization"},"potentialAction":[{"@type":"SearchAction","target":{"@type":"EntryPoint","urlTemplate":"https:\/\/aton.com\/?s={search_term_string}"},"query-input":{"@type":"PropertyValueSpecification","valueRequired":true,"valueName":"search_term_string"}}],"inLanguage":"es"},{"@type":"Organization","@id":"https:\/\/aton.com\/#organization","name":"Aton S.p.A. Societ\u00e0 Benefit","url":"https:\/\/aton.com\/","logo":{"@type":"ImageObject","inLanguage":"es","@id":"https:\/\/aton.com\/#\/schema\/logo\/image\/","url":"https:\/\/aton.com\/wp-content\/uploads\/2022\/03\/aton_logo.png","contentUrl":"https:\/\/aton.com\/wp-content\/uploads\/2022\/03\/aton_logo.png","width":295,"height":171,"caption":"Aton S.p.A. Societ\u00e0 Benefit"},"image":{"@id":"https:\/\/aton.com\/#\/schema\/logo\/image\/"},"sameAs":["https:\/\/www.facebook.com\/aton.spa\/","https:\/\/www.linkedin.com\/company\/aton-s.p.a.","https:\/\/www.instagram.com\/atonspasocietabenefit\/"]}]}},"_links":{"self":[{"href":"https:\/\/aton.com\/es\/wp-json\/wp\/v2\/pages\/42164","targetHints":{"allow":["GET"]}}],"collection":[{"href":"https:\/\/aton.com\/es\/wp-json\/wp\/v2\/pages"}],"about":[{"href":"https:\/\/aton.com\/es\/wp-json\/wp\/v2\/types\/page"}],"author":[{"embeddable":true,"href":"https:\/\/aton.com\/es\/wp-json\/wp\/v2\/users\/4"}],"replies":[{"embeddable":true,"href":"https:\/\/aton.com\/es\/wp-json\/wp\/v2\/comments?post=42164"}],"version-history":[{"count":1,"href":"https:\/\/aton.com\/es\/wp-json\/wp\/v2\/pages\/42164\/revisions"}],"predecessor-version":[{"id":79633,"href":"https:\/\/aton.com\/es\/wp-json\/wp\/v2\/pages\/42164\/revisions\/79633"}],"wp:attachment":[{"href":"https:\/\/aton.com\/es\/wp-json\/wp\/v2\/media?parent=42164"}],"curies":[{"name":"wp","href":"https:\/\/api.w.org\/{rel}","templated":true}]}}